{"id":70,"date":"2017-02-19T09:23:29","date_gmt":"2017-02-19T09:23:29","guid":{"rendered":"http:\/\/antoniopascotto.it\/?page_id=70"},"modified":"2018-02-24T09:00:50","modified_gmt":"2018-02-24T09:00:50","slug":"linformazione-connessa-giornalismo-tecnologia-e-valore-di-mercato","status":"publish","type":"page","link":"https:\/\/antoniopascotto.it\/?page_id=70","title":{"rendered":""},"content":{"rendered":"<p>&nbsp;<\/p>\n<p>&nbsp;<\/p>\n<p>I vecchi <img data-attachment-id=\"195\" data-permalink=\"https:\/\/antoniopascotto.it\/?attachment_id=195\" data-orig-file=\"https:\/\/i0.wp.com\/antoniopascotto.it\/wp-content\/uploads\/2017\/02\/158-1.jpg?fit=314%2C403&amp;ssl=1\" data-orig-size=\"314,403\" data-comments-opened=\"1\" data-image-meta=\"{&quot;aperture&quot;:&quot;0&quot;,&quot;credit&quot;:&quot;&quot;,&quot;camera&quot;:&quot;&quot;,&quot;caption&quot;:&quot;&quot;,&quot;created_timestamp&quot;:&quot;0&quot;,&quot;copyright&quot;:&quot;&quot;,&quot;focal_length&quot;:&quot;0&quot;,&quot;iso&quot;:&quot;0&quot;,&quot;shutter_speed&quot;:&quot;0&quot;,&quot;title&quot;:&quot;&quot;,&quot;orientation&quot;:&quot;0&quot;}\" data-image-title=\"158\" data-image-description=\"\" data-image-caption=\"\" data-medium-file=\"https:\/\/i0.wp.com\/antoniopascotto.it\/wp-content\/uploads\/2017\/02\/158-1.jpg?fit=234%2C300&amp;ssl=1\" data-large-file=\"https:\/\/i0.wp.com\/antoniopascotto.it\/wp-content\/uploads\/2017\/02\/158-1.jpg?fit=314%2C403&amp;ssl=1\" decoding=\"async\" loading=\"lazy\" class=\"alignleft size-medium wp-image-195\" src=\"https:\/\/i0.wp.com\/antoniopascotto.it\/wp-content\/uploads\/2017\/02\/158-1.jpg?resize=234%2C300\" alt=\"\" width=\"234\" height=\"300\" srcset=\"https:\/\/i0.wp.com\/antoniopascotto.it\/wp-content\/uploads\/2017\/02\/158-1.jpg?resize=234%2C300&amp;ssl=1 234w, https:\/\/i0.wp.com\/antoniopascotto.it\/wp-content\/uploads\/2017\/02\/158-1.jpg?w=314&amp;ssl=1 314w\" sizes=\"(max-width: 234px) 100vw, 234px\" data-recalc-dims=\"1\" \/>media non moriranno, ma l&#8217;evoluzione della professione \u00e8 legata al loro adeguamento rispetto alle tecnologie e alla qualit\u00e0 dei contenuti. La tendenza, favorita dalla Rete e dai suoi snodi, \u00e8 di dare spazio all&#8217;informazione personalizzata, attraverso sistemi immediati ed economici, capaci di cogliere le novit\u00e0 e di interpretare i bisogni del pubblico. Il giornalismo deve acquisire i nuovi strumenti e le tecnologie a disposizione per rinnovare modelli e servizi. Il confronto tra editori e giornalisti ha evidenziato numerosi aspetti e problematiche, tra cui la necessit\u00e0 di investire nell&#8217;innovazione e l&#8217;esigenza di allargare la base produttiva, distribuendo l&#8217;informazione su varie piattaforme. I giornalisti devono diventare multimediali e digitali. La svolta \u00e8 dettata dall&#8217;evoluzione digitale che consente a chiunque di realizzare siti, blog, prodotti audiovisivi, web giornali, web tv e produzioni video indipendenti a basso costo. Si apre un nuovo mondo dove c&#8217;\u00e8 uno scambio continuo di dati che coinvolge sia la stampa tradizionale sia l&#8217;informazione emergente, destinate a convivere e soprattutto a collaborare. Nonostante questa evoluzione, le prospettive sul futuro del giornalismo sono messe in discussione da una crisi che riguarda l&#8217;aspetto economico e i ricavi delle imprese, basati sul valore della vendita del prodotto e della pubblicit\u00e0. \u00a0L&#8217;informazione Connessa. Giornalismo, tecnologia e valore di mercato. Armando Curcio Editore. In vendita su\u00a0<a href=\"http:\/\/www.curciostore.com\/ebook\/464-l-informazione-connessa-giornalismo-tecnologia-e-valore-di-mercato.html\" target=\"_blank\" rel=\"noopener noreferrer\">www.curciostore.com<\/a><\/p>\n","protected":false},"excerpt":{"rendered":"<p>&nbsp; &nbsp; I vecchi media non moriranno, ma l&#8217;evoluzione della professione \u00e8 legata al loro adeguamento rispetto alle tecnologie e alla qualit\u00e0 dei contenuti. La tendenza, favorita dalla Rete e dai suoi snodi, \u00e8 di dare spazio all&#8217;informazione personalizzata, attraverso sistemi immediati ed economici, capaci di cogliere le novit\u00e0 e di interpretare i bisogni del [&hellip;]<\/p>\n","protected":false},"author":2,"featured_media":195,"parent":0,"menu_order":0,"comment_status":"closed","ping_status":"closed","template":"","meta":{"advanced_seo_description":"","jetpack_seo_html_title":"","jetpack_seo_noindex":false,"jetpack_post_was_ever_published":false},"jetpack_sharing_enabled":true,"jetpack_shortlink":"https:\/\/wp.me\/P8swp8-18","jetpack-related-posts":[{"id":49,"url":"https:\/\/antoniopascotto.it\/?page_id=49","url_meta":{"origin":70,"position":0},"title":"&nbsp; &nbsp; Raccontare la televisione,\u2026","author":"Antonio Pascotto","date":"Febbraio 19, 2017","format":false,"excerpt":"\u00a0 \u00a0 Raccontare la televisione, prendendo le mosse\u00a0dall'offerta di canali che caratterizza oggi l'universo del piccolo schermo: dal digitale terrestre al satellite, da internet\u00a0alla convergenza tra tv, pc e cellulari, fino agli apparecchi di ultima generazione capaci\u00a0di immagazzinare ore\u00a0e ore di trasmissioni televisive. Nel volume si parte dalla consapevolezza di\u2026","rel":"","context":"Articolo simile","block_context":{"text":"Articolo simile","link":""},"img":{"alt_text":"","src":"","width":0,"height":0},"classes":[]},{"id":2,"url":"https:\/\/antoniopascotto.it\/?page_id=2","url_meta":{"origin":70,"position":1},"title":"Antonio Pascotto, giornalista, \u00e8 iscritto\u2026","author":"antonio pascotto","date":"Maggio 10, 2016","format":false,"excerpt":"Antonio Pascotto, giornalista, \u00e8 iscritto alla stampa parlamentare. Lavora a\u00a0Mediaset\u00a0dal 1993. Inviato in Italia e all'estero, impegnato per speciali e rubriche televisive, ha iniziato presto la sua attivit\u00e0 con una lunga esperienza in radio e televisioni private. Pi\u00f9 volte al seguito di papa Giovanni Paolo Secondo\u00a0nei suoi viaggi all'estero e\u2026","rel":"","context":"Articolo simile","block_context":{"text":"Articolo simile","link":""},"img":{"alt_text":"","src":"https:\/\/i0.wp.com\/antoniopascotto.it\/wp-content\/uploads\/2016\/05\/Foto-redazione-200x300.jpg?resize=350%2C200","width":350,"height":200},"classes":[]},{"id":1716,"url":"https:\/\/antoniopascotto.it\/?page_id=1716","url_meta":{"origin":70,"position":2},"title":"Il tempo \u00e8 il filo\u2026","author":"Antonio Pascotto","date":"Ottobre 4, 2023","format":false,"excerpt":"Il tempo \u00e8 il filo conduttore delle pagine di questo libro, dove i ricordi descrivono emozioni che riemergono alla vigilia di grandi cambiamenti. C\u2019\u00e8 una relazione tra tempo e futuro. Il tempo che misura le ore e i giorni e quello che ancora deve arrivare. Il tempo trascorso e quello\u2026","rel":"","context":"Articolo simile","block_context":{"text":"Articolo simile","link":""},"img":{"alt_text":"","src":"https:\/\/i0.wp.com\/antoniopascotto.it\/wp-content\/uploads\/2023\/10\/COPERTINA-LIBRO-jpeg.jpg?resize=350%2C200&ssl=1","width":350,"height":200},"classes":[]},{"id":52,"url":"https:\/\/antoniopascotto.it\/?page_id=52","url_meta":{"origin":70,"position":3},"title":"&nbsp; &nbsp; Tra cinema e\u2026","author":"Antonio Pascotto","date":"Febbraio 19, 2017","format":false,"excerpt":"\u00a0 \u00a0 Tra cinema e realt\u00e0 Alberto Sordi ci ha rappresentato e mostrato per quello che siamo; ci ha costretti allo specchio, ha rappresentato l'italianeit\u00e0 per gli italiani, concentrando in s\u00e9 i nostri antropologici umori negativi, perfino le nostre abiezioni. Sordi personaggio ha finito col ricoprire un ruolo di antologia\u2026","rel":"","context":"Articolo simile","block_context":{"text":"Articolo simile","link":""},"img":{"alt_text":"","src":"https:\/\/i0.wp.com\/antoniopascotto.it\/wp-content\/uploads\/2017\/02\/SORDI.jpg?fit=274%2C270&ssl=1&resize=350%2C200","width":350,"height":200},"classes":[]},{"id":184,"url":"https:\/\/antoniopascotto.it\/?page_id=184","url_meta":{"origin":70,"position":4},"title":"Wikipedia Twitter Facebook Instagram Stampa\u2026","author":"Antonio Pascotto","date":"Febbraio 19, 2017","format":false,"excerpt":"Wikipedia Twitter Facebook Instagram Stampa Parlamentare Media Duemila '900 Letterario Leggere Tutti\u00a0 AskaNews Il Mattino L'identit\u00e0 Exlibris20 AgrPress Ottiche Parallele Magazine LibriNews Avanti! ParlamentoNews Il Dubbio Premio Internazionale Le Buone Pratiche 2020 a \"Il Mondo senza Internet\" di Antonio Pascotto 12\u00b0 Edizione Premio Letterario Internazionale Citt\u00e0 di Cattolica 2020 Aska\u2026","rel":"","context":"Articolo simile","block_context":{"text":"Articolo simile","link":""},"img":{"alt_text":"","src":"","width":0,"height":0},"classes":[]},{"id":1134,"url":"https:\/\/antoniopascotto.it\/?page_id=1134","url_meta":{"origin":70,"position":5},"title":"Svegliarsi una mattina e scoprire\u2026","author":"Antonio Pascotto","date":"Settembre 30, 2019","format":false,"excerpt":"Svegliarsi una mattina e scoprire che, per motivi di sicurezza internazionale, Internet \u00e8 stato bloccato per sempre. Succede al protagonista di questo libro che, da un giorno all\u2019altro, come tutti, ora si sente straniero in un villaggio che di globale non ha pi\u00f9 niente. La vita di milioni di persone\u2026","rel":"","context":"Articolo simile","block_context":{"text":"Articolo simile","link":""},"img":{"alt_text":"","src":"","width":0,"height":0},"classes":[]}],"_links":{"self":[{"href":"https:\/\/antoniopascotto.it\/index.php?rest_route=\/wp\/v2\/pages\/70"}],"collection":[{"href":"https:\/\/antoniopascotto.it\/index.php?rest_route=\/wp\/v2\/pages"}],"about":[{"href":"https:\/\/antoniopascotto.it\/index.php?rest_route=\/wp\/v2\/types\/page"}],"author":[{"embeddable":true,"href":"https:\/\/antoniopascotto.it\/index.php?rest_route=\/wp\/v2\/users\/2"}],"replies":[{"embeddable":true,"href":"https:\/\/antoniopascotto.it\/index.php?rest_route=%2Fwp%2Fv2%2Fcomments&post=70"}],"version-history":[{"count":6,"href":"https:\/\/antoniopascotto.it\/index.php?rest_route=\/wp\/v2\/pages\/70\/revisions"}],"predecessor-version":[{"id":555,"href":"https:\/\/antoniopascotto.it\/index.php?rest_route=\/wp\/v2\/pages\/70\/revisions\/555"}],"wp:featuredmedia":[{"embeddable":true,"href":"https:\/\/antoniopascotto.it\/index.php?rest_route=\/wp\/v2\/media\/195"}],"wp:attachment":[{"href":"https:\/\/antoniopascotto.it\/index.php?rest_route=%2Fwp%2Fv2%2Fmedia&parent=70"}],"curies":[{"name":"wp","href":"https:\/\/api.w.org\/{rel}","templated":true}]}}