{"id":52,"date":"2017-02-19T09:11:45","date_gmt":"2017-02-19T09:11:45","guid":{"rendered":"http:\/\/antoniopascotto.it\/?page_id=52"},"modified":"2018-02-24T09:00:17","modified_gmt":"2018-02-24T09:00:17","slug":"alberto-sordi-il-cinema-e-gli-altri","status":"publish","type":"page","link":"https:\/\/antoniopascotto.it\/?page_id=52","title":{"rendered":""},"content":{"rendered":"<p>&nbsp;<\/p>\n<p>&nbsp;<\/p>\n<p>Tra cine<img data-attachment-id=\"68\" data-permalink=\"https:\/\/antoniopascotto.it\/?attachment_id=68\" data-orig-file=\"https:\/\/i0.wp.com\/antoniopascotto.it\/wp-content\/uploads\/2017\/02\/SORDI.jpg?fit=274%2C270&amp;ssl=1\" data-orig-size=\"274,270\" data-comments-opened=\"1\" data-image-meta=\"{&quot;aperture&quot;:&quot;0&quot;,&quot;credit&quot;:&quot;&quot;,&quot;camera&quot;:&quot;&quot;,&quot;caption&quot;:&quot;&quot;,&quot;created_timestamp&quot;:&quot;1483969455&quot;,&quot;copyright&quot;:&quot;&quot;,&quot;focal_length&quot;:&quot;0&quot;,&quot;iso&quot;:&quot;0&quot;,&quot;shutter_speed&quot;:&quot;0&quot;,&quot;title&quot;:&quot;&quot;,&quot;orientation&quot;:&quot;1&quot;}\" data-image-title=\"SORDI\" data-image-description=\"\" data-image-caption=\"\" data-medium-file=\"https:\/\/i0.wp.com\/antoniopascotto.it\/wp-content\/uploads\/2017\/02\/SORDI.jpg?fit=274%2C270&amp;ssl=1\" data-large-file=\"https:\/\/i0.wp.com\/antoniopascotto.it\/wp-content\/uploads\/2017\/02\/SORDI.jpg?fit=274%2C270&amp;ssl=1\" decoding=\"async\" loading=\"lazy\" class=\"alignleft size-full wp-image-68\" src=\"https:\/\/i0.wp.com\/antoniopascotto.it\/wp-content\/uploads\/2017\/02\/SORDI.jpg?resize=274%2C270\" alt=\"\" width=\"274\" height=\"270\" data-recalc-dims=\"1\" \/>ma e realt\u00e0 Alberto Sordi ci ha rappresentato e mostrato per quello che siamo; ci ha costretti allo specchio, ha rappresentato l&#8217;italianeit\u00e0 per gli italiani, concentrando in s\u00e9 i nostri antropologici umori negativi, perfino le nostre abiezioni.<\/p>\n<p>Sordi personaggio ha finito col ricoprire un ruolo di antologia dei molti difetti nazionali, di riassunto vivente di errori e colpe imputabili al nostro paese.<\/p>\n<p>Come Antonio Pascotto afferma nell&#8217;introduzione del volume &#8220;con Sordi il pubblico rideva nella consapevolezza che quello che stava vedendo era lo spettacolo della propria vita&#8221;.<\/p>\n<p>Attraverso le immagini che ripercorrono un&#8217;epoca ritroviamo Sordi insieme ai grandi di allora:\u00a0sceneggiatori, attori, registi. Molti gli scatti dietro le quinte.<\/p>\n<p>Il tutto in una pubblicazione estremamente elegante che rende l&#8217;opera un oggetto da collezione.<\/p>\n","protected":false},"excerpt":{"rendered":"<p>&nbsp; &nbsp; Tra cinema e realt\u00e0 Alberto Sordi ci ha rappresentato e mostrato per quello che siamo; ci ha costretti allo specchio, ha rappresentato l&#8217;italianeit\u00e0 per gli italiani, concentrando in s\u00e9 i nostri antropologici umori negativi, perfino le nostre abiezioni. Sordi personaggio ha finito col ricoprire un ruolo di antologia dei molti difetti nazionali, di [&hellip;]<\/p>\n","protected":false},"author":2,"featured_media":68,"parent":0,"menu_order":0,"comment_status":"closed","ping_status":"closed","template":"","meta":{"advanced_seo_description":"","jetpack_seo_html_title":"","jetpack_seo_noindex":false,"jetpack_post_was_ever_published":false},"jetpack_sharing_enabled":true,"jetpack_shortlink":"https:\/\/wp.me\/P8swp8-Q","jetpack-related-posts":[{"id":2,"url":"https:\/\/antoniopascotto.it\/?page_id=2","url_meta":{"origin":52,"position":0},"title":"Antonio Pascotto, giornalista, \u00e8 iscritto\u2026","author":"antonio pascotto","date":"Maggio 10, 2016","format":false,"excerpt":"Antonio Pascotto, giornalista, \u00e8 iscritto alla stampa parlamentare. Lavora a\u00a0Mediaset\u00a0dal 1993. Inviato in Italia e all'estero, impegnato per speciali e rubriche televisive, ha iniziato presto la sua attivit\u00e0 con una lunga esperienza in radio e televisioni private. Pi\u00f9 volte al seguito di papa Giovanni Paolo Secondo\u00a0nei suoi viaggi all'estero e\u2026","rel":"","context":"Articolo simile","block_context":{"text":"Articolo simile","link":""},"img":{"alt_text":"","src":"https:\/\/i0.wp.com\/antoniopascotto.it\/wp-content\/uploads\/2016\/05\/Foto-redazione-200x300.jpg?resize=350%2C200","width":350,"height":200},"classes":[]},{"id":173,"url":"https:\/\/antoniopascotto.it\/?page_id=173","url_meta":{"origin":52,"position":1},"title":"VIDEO E RADIO GALLERY","author":"Antonio Pascotto","date":"Febbraio 19, 2017","format":false,"excerpt":"\u00a0 Clicca sui link per guardare i video e per ascoltare i podcast Romanzo Digitale vince il Premio Letterario Internazionale Citt\u00e0 di Cattolica Gigi Marzullo presenta Romanzo Digitale a Milleunlibro su Rai Uno Romanzo Digitale. Presentazione al Maximilian Bistrot di Segrate Milano 2 Palazzo dei Cigni Romanzo Digitale. Presentazione alla\u2026","rel":"","context":"Articolo simile","block_context":{"text":"Articolo simile","link":""},"img":{"alt_text":"","src":"https:\/\/i0.wp.com\/antoniopascotto.it\/wp-content\/uploads\/2024\/01\/COPERTINA-LIBRO-jpeg.jpg?resize=350%2C200&ssl=1","width":350,"height":200},"classes":[]},{"id":1716,"url":"https:\/\/antoniopascotto.it\/?page_id=1716","url_meta":{"origin":52,"position":2},"title":"Il tempo \u00e8 il filo\u2026","author":"Antonio Pascotto","date":"Ottobre 4, 2023","format":false,"excerpt":"Il tempo \u00e8 il filo conduttore delle pagine di questo libro, dove i ricordi descrivono emozioni che riemergono alla vigilia di grandi cambiamenti. C\u2019\u00e8 una relazione tra tempo e futuro. Il tempo che misura le ore e i giorni e quello che ancora deve arrivare. Il tempo trascorso e quello\u2026","rel":"","context":"Articolo simile","block_context":{"text":"Articolo simile","link":""},"img":{"alt_text":"","src":"https:\/\/i0.wp.com\/antoniopascotto.it\/wp-content\/uploads\/2023\/10\/COPERTINA-LIBRO-jpeg.jpg?resize=350%2C200&ssl=1","width":350,"height":200},"classes":[]},{"id":1134,"url":"https:\/\/antoniopascotto.it\/?page_id=1134","url_meta":{"origin":52,"position":3},"title":"Svegliarsi una mattina e scoprire\u2026","author":"Antonio Pascotto","date":"Settembre 30, 2019","format":false,"excerpt":"Svegliarsi una mattina e scoprire che, per motivi di sicurezza internazionale, Internet \u00e8 stato bloccato per sempre. Succede al protagonista di questo libro che, da un giorno all\u2019altro, come tutti, ora si sente straniero in un villaggio che di globale non ha pi\u00f9 niente. La vita di milioni di persone\u2026","rel":"","context":"Articolo simile","block_context":{"text":"Articolo simile","link":""},"img":{"alt_text":"","src":"","width":0,"height":0},"classes":[]},{"id":49,"url":"https:\/\/antoniopascotto.it\/?page_id=49","url_meta":{"origin":52,"position":4},"title":"&nbsp; &nbsp; Raccontare la televisione,\u2026","author":"Antonio Pascotto","date":"Febbraio 19, 2017","format":false,"excerpt":"\u00a0 \u00a0 Raccontare la televisione, prendendo le mosse\u00a0dall'offerta di canali che caratterizza oggi l'universo del piccolo schermo: dal digitale terrestre al satellite, da internet\u00a0alla convergenza tra tv, pc e cellulari, fino agli apparecchi di ultima generazione capaci\u00a0di immagazzinare ore\u00a0e ore di trasmissioni televisive. Nel volume si parte dalla consapevolezza di\u2026","rel":"","context":"Articolo simile","block_context":{"text":"Articolo simile","link":""},"img":{"alt_text":"","src":"","width":0,"height":0},"classes":[]},{"id":70,"url":"https:\/\/antoniopascotto.it\/?page_id=70","url_meta":{"origin":52,"position":5},"title":"&nbsp; &nbsp; I vecchi media\u2026","author":"Antonio Pascotto","date":"Febbraio 19, 2017","format":false,"excerpt":"\u00a0 \u00a0 I vecchi media non moriranno, ma l'evoluzione della professione \u00e8 legata al loro adeguamento rispetto alle tecnologie e alla qualit\u00e0 dei contenuti. La tendenza, favorita dalla Rete e dai suoi snodi, \u00e8 di dare spazio all'informazione personalizzata, attraverso sistemi immediati ed economici, capaci di cogliere le novit\u00e0 e\u2026","rel":"","context":"Articolo simile","block_context":{"text":"Articolo simile","link":""},"img":{"alt_text":"","src":"https:\/\/i0.wp.com\/antoniopascotto.it\/wp-content\/uploads\/2017\/02\/158-1.jpg?fit=314%2C403&ssl=1&resize=350%2C200","width":350,"height":200},"classes":[]}],"_links":{"self":[{"href":"https:\/\/antoniopascotto.it\/index.php?rest_route=\/wp\/v2\/pages\/52"}],"collection":[{"href":"https:\/\/antoniopascotto.it\/index.php?rest_route=\/wp\/v2\/pages"}],"about":[{"href":"https:\/\/antoniopascotto.it\/index.php?rest_route=\/wp\/v2\/types\/page"}],"author":[{"embeddable":true,"href":"https:\/\/antoniopascotto.it\/index.php?rest_route=\/wp\/v2\/users\/2"}],"replies":[{"embeddable":true,"href":"https:\/\/antoniopascotto.it\/index.php?rest_route=%2Fwp%2Fv2%2Fcomments&post=52"}],"version-history":[{"count":5,"href":"https:\/\/antoniopascotto.it\/index.php?rest_route=\/wp\/v2\/pages\/52\/revisions"}],"predecessor-version":[{"id":554,"href":"https:\/\/antoniopascotto.it\/index.php?rest_route=\/wp\/v2\/pages\/52\/revisions\/554"}],"wp:featuredmedia":[{"embeddable":true,"href":"https:\/\/antoniopascotto.it\/index.php?rest_route=\/wp\/v2\/media\/68"}],"wp:attachment":[{"href":"https:\/\/antoniopascotto.it\/index.php?rest_route=%2Fwp%2Fv2%2Fmedia&parent=52"}],"curies":[{"name":"wp","href":"https:\/\/api.w.org\/{rel}","templated":true}]}}