{"id":2,"date":"2016-05-10T03:48:21","date_gmt":"2016-05-10T03:48:21","guid":{"rendered":"http:\/\/wp452m.a10-52-158-154.qa.plesk.ru\/wordpress\/?page_id=2"},"modified":"2025-08-18T09:12:23","modified_gmt":"2025-08-18T09:12:23","slug":"biografia","status":"publish","type":"page","link":"https:\/\/antoniopascotto.it\/?page_id=2","title":{"rendered":""},"content":{"rendered":"<p><img data-attachment-id=\"219\" data-permalink=\"https:\/\/antoniopascotto.it\/?attachment_id=219\" data-orig-file=\"https:\/\/i0.wp.com\/antoniopascotto.it\/wp-content\/uploads\/2016\/05\/Foto-redazione.jpg?fit=2912%2C4368&amp;ssl=1\" data-orig-size=\"2912,4368\" data-comments-opened=\"1\" data-image-meta=\"{&quot;aperture&quot;:&quot;4&quot;,&quot;credit&quot;:&quot;&quot;,&quot;camera&quot;:&quot;Canon EOS 5D&quot;,&quot;caption&quot;:&quot;&quot;,&quot;created_timestamp&quot;:&quot;1185030872&quot;,&quot;copyright&quot;:&quot;&quot;,&quot;focal_length&quot;:&quot;200&quot;,&quot;iso&quot;:&quot;1600&quot;,&quot;shutter_speed&quot;:&quot;0.025&quot;,&quot;title&quot;:&quot;&quot;,&quot;orientation&quot;:&quot;0&quot;}\" data-image-title=\"Foto redazione\" data-image-description=\"\" data-image-caption=\"\" data-medium-file=\"https:\/\/i0.wp.com\/antoniopascotto.it\/wp-content\/uploads\/2016\/05\/Foto-redazione.jpg?fit=200%2C300&amp;ssl=1\" data-large-file=\"https:\/\/i0.wp.com\/antoniopascotto.it\/wp-content\/uploads\/2016\/05\/Foto-redazione.jpg?fit=683%2C1024&amp;ssl=1\" decoding=\"async\" loading=\"lazy\" class=\"size-medium wp-image-219 alignleft\" src=\"https:\/\/i0.wp.com\/antoniopascotto.it\/wp-content\/uploads\/2016\/05\/Foto-redazione.jpg?resize=200%2C300\" alt=\"\" width=\"200\" height=\"300\" srcset=\"https:\/\/i0.wp.com\/antoniopascotto.it\/wp-content\/uploads\/2016\/05\/Foto-redazione.jpg?resize=200%2C300&amp;ssl=1 200w, https:\/\/i0.wp.com\/antoniopascotto.it\/wp-content\/uploads\/2016\/05\/Foto-redazione.jpg?resize=768%2C1152&amp;ssl=1 768w, https:\/\/i0.wp.com\/antoniopascotto.it\/wp-content\/uploads\/2016\/05\/Foto-redazione.jpg?resize=683%2C1024&amp;ssl=1 683w, https:\/\/i0.wp.com\/antoniopascotto.it\/wp-content\/uploads\/2016\/05\/Foto-redazione.jpg?w=2000 2000w\" sizes=\"(max-width: 200px) 100vw, 200px\" data-recalc-dims=\"1\" \/>Antonio Pascotto, giornalista, \u00e8 iscritto alla stampa parlamentare. Lavora a\u00a0<strong>Mediaset<\/strong><strong>\u00a0<\/strong>dal 1993.<\/p>\n<p>Inviato in Italia e all&#8217;estero, impegnato per speciali e rubriche televisive, ha iniziato presto la sua attivit\u00e0 con una lunga esperienza in radio e televisioni private. Pi\u00f9 volte al seguito di <strong>papa Giovanni Paolo Secondo<\/strong>\u00a0nei suoi viaggi all&#8217;estero e in momenti importanti del suo pontificato, nei giorni immediatamente successivi all&#8217;11\u00a0settembre 2001 \u00e8 stato a New York per raccontare la\u00a0cronaca e gli sviluppi dell&#8217;attentato alle Torri Gemelle con servizi, collegamenti e interviste. Per 18 anni al\u00a0<strong>Tg4<\/strong>, dal 14 novembre 2011 \u00e8 in forza a\u00a0<strong>News Mediaset-TgCom24<\/strong>\u00a0dove \u00e8 caporedattore. Per i canali Mediaset segue l&#8217;attivit\u00e0 parlamentare e di governo. Ha condotto il Tg e la rassegna stampa di TgCom24.<\/p>\n<p>Ha conseguito &#8220;cum laude&#8221; la Laurea in Scienze della Comunicazione discutendo una tesi sull&#8217;evoluzione del sistema televisivo e sul rapporto tra tecnologie e organizzazione mentale. Laureato anche in giornalismo e comunicazione multimediale con 110 e lode, ha discusso una tesi sulla crisi e sul futuro della professione giornalistica.<br \/>\nE&#8217; consulente di corsi universitari nel campo dei media e della comunicazione.<\/p>\n<p>Nel 2002 ha vinto il concorso internazionale artistico-letterario De Curtis classificandosi al primo posto nella sezione giornalismo.\u00a0Nel 2003 e nel 2005 ha conseguito due attestati dell&#8217;European Journalism Centre di Bruxelles per l&#8217;approfondimento su tematiche relative a Istituzioni e Politiche Comunitarie.\u00a0Nel 2007 gli \u00e8 stato conferito\u00a0il premio &#8220;Federico II in terra di Padre Pio&#8221;. Nel 2014 il riconoscimento arriva dalla sua terra, l&#8217;Irpinia, con il premio Sublimitas. Nel 2016, insieme a Franca Leosini, ha ottenuto il premio VIS IURIDICA, sezione giornalismo.<\/p>\n<p>Nel 2007 ha pubblicato il libro\u00a0<strong>La\u00a0televisione senza palinsesto,\u00a0contenuti nella tiv\u00f9 dell&#8217;era digitale<\/strong>, De Angelis Editore, dove analizza e descrive i cambiamenti del piccolo schermo.<\/p>\n<p>Con la Fondazione Alberto Sordi nel 2008 ha curato il volume\u00a0<strong>Alberto Sordi, il cinema e gli altri<\/strong>.<\/p>\n<p>Nel 2009 con il presidente dell&#8217;Osservatorio sui diritti dei minori Antonio Marziale ha scritto\u00a0<strong>Creativit\u00e0 digitale <\/strong>in<strong> La creativit\u00e0 tra cielo e mare<\/strong>,\u00a0a cura di Myriam Santilli e Filippo Petruccelli.<\/p>\n<p>Per Armando Curcio Editore ha pubblicato\u00a0nel 2012\u00a0<strong>L&#8217;Informazione Connessa. Giornalismo, tecnologia e valore di mercato<\/strong>.<\/p>\n<p>Nel 2019 pubblica<strong> Il Mondo Senza Internet<\/strong>, Male Edizioni, 2019. Con questo titolo \u00e8 stato il vincitore assoluto del <strong>Cartoceto Cinema&amp;Libri<\/strong>, Festival delle Arti dedicato alla lettura, al cinema e alla cultura, e ha ottenuto il <strong>Premio della Critica<\/strong> al <strong>Concorso Letterario Internazionale Citt\u00e0 di Cattolica<\/strong>. A questi si aggiunge\u00a0il <strong>Premio Internazionale Le Buone Pratiche 2020<\/strong> per la sezione \u201cCultura-Scrittori\u201d organizzato da News Reminder in collaborazione con il Parlamento Europeo.<\/p>\n<p>Con un intervento su <strong>La scrittura giornalistica<\/strong>, ha partecipato al progetto editoriale <strong>Copywriting tra arte e tecnica. Metodi e sistemi per un approccio globale al sistema espressivo pi\u00f9 responsabile<\/strong>, Dario Flaccovio Editore, 2020.<\/p>\n<p>Nel 2020 ha ricevuto il premio giornalistico <strong>Campania Terra Felix<\/strong>.<\/p>\n<p>Nel 2023 \u00e8 la volta del libro <strong>Romanzo Digitale<\/strong>, pubblicato da Edizioni Jolly Roger. Il tempo \u00e8 il filo conduttore delle pagine di questo libro, dove i ricordi descrivono emozioni che riemergono alla vigilia di grandi cambiamenti. C\u2019\u00e8 una relazione tra tempo e futuro. Poi c\u2019\u00e8 il rapporto tra uomo e macchina. La tecnologia si fa strada entrando prepotentemente nelle nostre vite connesse. All\u2019intelligenza umana si affianca l\u2019Intelligenza Artificiale. E nascono nuove sfide.<\/p>\n<p>Nel 2024 vince per la seconda volta il <strong>Concorso Letterario Internazionale Citt\u00e0 di Cattolica<\/strong>.<\/p>\n<p>Nel 2025 gli viene consegnato in Campidoglio il <strong>Premio Antenna d&#8217;Oro per la Tivv\u00f9<\/strong>.<\/p>\n","protected":false},"excerpt":{"rendered":"<p>Antonio Pascotto, giornalista, \u00e8 iscritto alla stampa parlamentare. Lavora a\u00a0Mediaset\u00a0dal 1993. Inviato in Italia e all&#8217;estero, impegnato per speciali e rubriche televisive, ha iniziato presto la sua attivit\u00e0 con una lunga esperienza in radio e televisioni private. Pi\u00f9 volte al seguito di papa Giovanni Paolo Secondo\u00a0nei suoi viaggi all&#8217;estero e in momenti importanti del suo [&hellip;]<\/p>\n","protected":false},"author":1,"featured_media":0,"parent":0,"menu_order":0,"comment_status":"closed","ping_status":"closed","template":"","meta":{"advanced_seo_description":"","jetpack_seo_html_title":"","jetpack_seo_noindex":false,"jetpack_post_was_ever_published":false},"jetpack_sharing_enabled":true,"jetpack_shortlink":"https:\/\/wp.me\/P8swp8-2","jetpack-related-posts":[{"id":184,"url":"https:\/\/antoniopascotto.it\/?page_id=184","url_meta":{"origin":2,"position":0},"title":"Wikipedia Twitter Facebook Instagram Stampa\u2026","author":"Antonio Pascotto","date":"Febbraio 19, 2017","format":false,"excerpt":"Wikipedia Twitter Facebook Instagram Stampa Parlamentare Media Duemila '900 Letterario Leggere Tutti\u00a0 AskaNews Il Mattino L'identit\u00e0 Exlibris20 AgrPress Ottiche Parallele Magazine LibriNews Avanti! ParlamentoNews Il Dubbio Premio Internazionale Le Buone Pratiche 2020 a \"Il Mondo senza Internet\" di Antonio Pascotto 12\u00b0 Edizione Premio Letterario Internazionale Citt\u00e0 di Cattolica 2020 Aska\u2026","rel":"","context":"Articolo simile","block_context":{"text":"Articolo simile","link":""},"img":{"alt_text":"","src":"","width":0,"height":0},"classes":[]},{"id":49,"url":"https:\/\/antoniopascotto.it\/?page_id=49","url_meta":{"origin":2,"position":1},"title":"&nbsp; &nbsp; Raccontare la televisione,\u2026","author":"Antonio Pascotto","date":"Febbraio 19, 2017","format":false,"excerpt":"\u00a0 \u00a0 Raccontare la televisione, prendendo le mosse\u00a0dall'offerta di canali che caratterizza oggi l'universo del piccolo schermo: dal digitale terrestre al satellite, da internet\u00a0alla convergenza tra tv, pc e cellulari, fino agli apparecchi di ultima generazione capaci\u00a0di immagazzinare ore\u00a0e ore di trasmissioni televisive. Nel volume si parte dalla consapevolezza di\u2026","rel":"","context":"Articolo simile","block_context":{"text":"Articolo simile","link":""},"img":{"alt_text":"","src":"","width":0,"height":0},"classes":[]},{"id":70,"url":"https:\/\/antoniopascotto.it\/?page_id=70","url_meta":{"origin":2,"position":2},"title":"&nbsp; &nbsp; I vecchi media\u2026","author":"Antonio Pascotto","date":"Febbraio 19, 2017","format":false,"excerpt":"\u00a0 \u00a0 I vecchi media non moriranno, ma l'evoluzione della professione \u00e8 legata al loro adeguamento rispetto alle tecnologie e alla qualit\u00e0 dei contenuti. La tendenza, favorita dalla Rete e dai suoi snodi, \u00e8 di dare spazio all'informazione personalizzata, attraverso sistemi immediati ed economici, capaci di cogliere le novit\u00e0 e\u2026","rel":"","context":"Articolo simile","block_context":{"text":"Articolo simile","link":""},"img":{"alt_text":"","src":"https:\/\/i0.wp.com\/antoniopascotto.it\/wp-content\/uploads\/2017\/02\/158-1.jpg?fit=314%2C403&ssl=1&resize=350%2C200","width":350,"height":200},"classes":[]},{"id":52,"url":"https:\/\/antoniopascotto.it\/?page_id=52","url_meta":{"origin":2,"position":3},"title":"&nbsp; &nbsp; Tra cinema e\u2026","author":"Antonio Pascotto","date":"Febbraio 19, 2017","format":false,"excerpt":"\u00a0 \u00a0 Tra cinema e realt\u00e0 Alberto Sordi ci ha rappresentato e mostrato per quello che siamo; ci ha costretti allo specchio, ha rappresentato l'italianeit\u00e0 per gli italiani, concentrando in s\u00e9 i nostri antropologici umori negativi, perfino le nostre abiezioni. Sordi personaggio ha finito col ricoprire un ruolo di antologia\u2026","rel":"","context":"Articolo simile","block_context":{"text":"Articolo simile","link":""},"img":{"alt_text":"","src":"https:\/\/i0.wp.com\/antoniopascotto.it\/wp-content\/uploads\/2017\/02\/SORDI.jpg?fit=274%2C270&ssl=1&resize=350%2C200","width":350,"height":200},"classes":[]},{"id":1716,"url":"https:\/\/antoniopascotto.it\/?page_id=1716","url_meta":{"origin":2,"position":4},"title":"Il tempo \u00e8 il filo\u2026","author":"Antonio Pascotto","date":"Ottobre 4, 2023","format":false,"excerpt":"Il tempo \u00e8 il filo conduttore delle pagine di questo libro, dove i ricordi descrivono emozioni che riemergono alla vigilia di grandi cambiamenti. C\u2019\u00e8 una relazione tra tempo e futuro. Il tempo che misura le ore e i giorni e quello che ancora deve arrivare. Il tempo trascorso e quello\u2026","rel":"","context":"Articolo simile","block_context":{"text":"Articolo simile","link":""},"img":{"alt_text":"","src":"https:\/\/i0.wp.com\/antoniopascotto.it\/wp-content\/uploads\/2023\/10\/COPERTINA-LIBRO-jpeg.jpg?resize=350%2C200&ssl=1","width":350,"height":200},"classes":[]},{"id":1134,"url":"https:\/\/antoniopascotto.it\/?page_id=1134","url_meta":{"origin":2,"position":5},"title":"Svegliarsi una mattina e scoprire\u2026","author":"Antonio Pascotto","date":"Settembre 30, 2019","format":false,"excerpt":"Svegliarsi una mattina e scoprire che, per motivi di sicurezza internazionale, Internet \u00e8 stato bloccato per sempre. Succede al protagonista di questo libro che, da un giorno all\u2019altro, come tutti, ora si sente straniero in un villaggio che di globale non ha pi\u00f9 niente. La vita di milioni di persone\u2026","rel":"","context":"Articolo simile","block_context":{"text":"Articolo simile","link":""},"img":{"alt_text":"","src":"","width":0,"height":0},"classes":[]}],"_links":{"self":[{"href":"https:\/\/antoniopascotto.it\/index.php?rest_route=\/wp\/v2\/pages\/2"}],"collection":[{"href":"https:\/\/antoniopascotto.it\/index.php?rest_route=\/wp\/v2\/pages"}],"about":[{"href":"https:\/\/antoniopascotto.it\/index.php?rest_route=\/wp\/v2\/types\/page"}],"author":[{"embeddable":true,"href":"https:\/\/antoniopascotto.it\/index.php?rest_route=\/wp\/v2\/users\/1"}],"replies":[{"embeddable":true,"href":"https:\/\/antoniopascotto.it\/index.php?rest_route=%2Fwp%2Fv2%2Fcomments&post=2"}],"version-history":[{"count":32,"href":"https:\/\/antoniopascotto.it\/index.php?rest_route=\/wp\/v2\/pages\/2\/revisions"}],"predecessor-version":[{"id":2158,"href":"https:\/\/antoniopascotto.it\/index.php?rest_route=\/wp\/v2\/pages\/2\/revisions\/2158"}],"wp:attachment":[{"href":"https:\/\/antoniopascotto.it\/index.php?rest_route=%2Fwp%2Fv2%2Fmedia&parent=2"}],"curies":[{"name":"wp","href":"https:\/\/api.w.org\/{rel}","templated":true}]}}