{"id":173,"date":"2017-02-19T10:43:03","date_gmt":"2017-02-19T10:43:03","guid":{"rendered":"http:\/\/antoniopascotto.it\/?page_id=173"},"modified":"2024-04-29T23:16:06","modified_gmt":"2024-04-29T23:16:06","slug":"video-gallery-2","status":"publish","type":"page","link":"https:\/\/antoniopascotto.it\/?page_id=173","title":{"rendered":"VIDEO E RADIO GALLERY"},"content":{"rendered":"\n<figure class=\"wp-block-image size-full is-resized\"><img data-attachment-id=\"1957\" data-permalink=\"https:\/\/antoniopascotto.it\/?attachment_id=1957\" data-orig-file=\"https:\/\/i0.wp.com\/antoniopascotto.it\/wp-content\/uploads\/2024\/01\/COPERTINA-LIBRO-jpeg.jpg?fit=536%2C809&amp;ssl=1\" data-orig-size=\"536,809\" data-comments-opened=\"1\" data-image-meta=\"{&quot;aperture&quot;:&quot;0&quot;,&quot;credit&quot;:&quot;&quot;,&quot;camera&quot;:&quot;&quot;,&quot;caption&quot;:&quot;&quot;,&quot;created_timestamp&quot;:&quot;0&quot;,&quot;copyright&quot;:&quot;&quot;,&quot;focal_length&quot;:&quot;0&quot;,&quot;iso&quot;:&quot;0&quot;,&quot;shutter_speed&quot;:&quot;0&quot;,&quot;title&quot;:&quot;&quot;,&quot;orientation&quot;:&quot;0&quot;}\" data-image-title=\"COPERTINA-LIBRO-jpeg\" data-image-description=\"\" data-image-caption=\"\" data-medium-file=\"https:\/\/i0.wp.com\/antoniopascotto.it\/wp-content\/uploads\/2024\/01\/COPERTINA-LIBRO-jpeg.jpg?fit=199%2C300&amp;ssl=1\" data-large-file=\"https:\/\/i0.wp.com\/antoniopascotto.it\/wp-content\/uploads\/2024\/01\/COPERTINA-LIBRO-jpeg.jpg?fit=536%2C809&amp;ssl=1\" decoding=\"async\" loading=\"lazy\" src=\"https:\/\/i0.wp.com\/antoniopascotto.it\/wp-content\/uploads\/2024\/01\/COPERTINA-LIBRO-jpeg.jpg?resize=195%2C295&#038;ssl=1\" alt=\"\" class=\"wp-image-1957\" width=\"195\" height=\"295\" srcset=\"https:\/\/i0.wp.com\/antoniopascotto.it\/wp-content\/uploads\/2024\/01\/COPERTINA-LIBRO-jpeg.jpg?w=536&amp;ssl=1 536w, https:\/\/i0.wp.com\/antoniopascotto.it\/wp-content\/uploads\/2024\/01\/COPERTINA-LIBRO-jpeg.jpg?resize=199%2C300&amp;ssl=1 199w\" sizes=\"(max-width: 195px) 100vw, 195px\" data-recalc-dims=\"1\" \/><\/figure>\n\n\n<p>\u00a0<\/p>\n<p><em><strong>Clicca sui link per guardare i video e per ascoltare i podcast<\/strong><\/em><\/p>\n<p><a href=\"https:\/\/www.youtube.com\/watch?v=UNjg4ip03To&amp;t=13s\" target=\"_blank\" rel=\"noopener\"><strong>Romanzo Digitale vince il Premio Letterario Internazionale Citt\u00e0 di Cattolica<\/strong><\/a><\/p>\n<p><a href=\"https:\/\/www.youtube.com\/watch?v=TWcsKILpSok\" target=\"_blank\" rel=\"noopener\"><strong>Gigi Marzullo presenta Romanzo Digitale a Milleunlibro su Rai Uno<\/strong><\/a><\/p>\n<p><a href=\"https:\/\/youtu.be\/wIhp7AGBEqU?si=2-FcunUccDYUkqg7\" target=\"_blank\" rel=\"noopener\"><strong>Romanzo Digitale. Presentazione al Maximilian Bistrot di Segrate Milano 2 Palazzo dei Cigni<\/strong><\/a><\/p>\n<p><strong><a href=\"https:\/\/youtu.be\/TY0N8xGZgNU?si=o_eJedQ3lNhDJSu2\" target=\"_blank\" rel=\"noopener\">Romanzo Digitale. Presentazione alla Galleria Glenda Cinquegrana di Milano<\/a><\/strong><\/p>\n<p><a href=\"https:\/\/youtube.com\/shorts\/i02ab3JOOoM?si=gGqULuTiBhfZORV0\" target=\"_blank\" rel=\"noopener\"><strong>L&#8217;intelligenza artificiale secondo Maurizio Battista<\/strong><\/a><\/p>\n<p><a href=\"https:\/\/www.youtube.com\/watch?v=jRbu-iS9cSk&amp;t=5s\" target=\"_blank\" rel=\"noopener\"><strong>Parlami di te Antonio Pascotto ospite a Radio Prima Rete<\/strong><\/a><\/p>\n<p><a href=\"https:\/\/youtu.be\/AkS0hfEmgLM?si=-9M5BFaDFCW4Te25\" target=\"_blank\" rel=\"noopener\"><strong>Romanzo Digitale su Magazine in Blu 2000<\/strong><\/a><\/p>\n<p><a href=\"https:\/\/youtu.be\/xC2JxYTwKQM?si=BOLuX_YqRlBwW2L4\" target=\"_blank\" rel=\"noopener\"><strong>Presentazione di Romanzo digitale al Palazzo delle Esposizioni di Roma<\/strong><\/a><\/p>\n<p><a href=\"https:\/\/youtu.be\/yHuCBddpMPY?si=sFB5yG5J64QwQzfh\" target=\"_blank\" rel=\"noopener\"><strong>Derrick de Kerckhove interviene alla presentazione del libro Romanzo Digitale<\/strong><\/a><\/p>\n<p><a href=\"https:\/\/youtu.be\/OG2sxOSUoss?si=6xE6Aq1pQZsdwVQP\" target=\"_blank\" rel=\"noopener\"><strong>Derrick de Kerckhove, Romanzo Digitale e il futuro con l&#8217;Intelligenza Artificiale<\/strong><\/a><\/p>\n<p><strong><a href=\"https:\/\/youtu.be\/FVj7Mg26OBM?si=0zs1KEoAF_f-fhTm\" target=\"_blank\" rel=\"noopener\">Rnc Sul Pezzo con l&#8217;Autore Marina Ferrero intervista Antonio Pascotto\u00a0<\/a><\/strong><\/p>\n<p><a href=\"https:\/\/www.youtube.com\/watch?v=oydvROsDPYs\" target=\"_blank\" rel=\"noopener\"><strong>Romanzo Digitale a Piu&#8217;LibriPi\u00f9Liberi<\/strong><\/a><\/p>\n<p><a href=\"https:\/\/www.youtube.com\/watch?v=Xqp3ceDn1wU\" target=\"_blank\" rel=\"noopener\"><strong>Radio Incontro Terni Intervista su Romanzo Digitale<\/strong><\/a><\/p>\n<p><a href=\"https:\/\/www.youtube.com\/shorts\/StHIhlGwvFE\" target=\"_blank\" rel=\"noopener\"><strong>Luca Angeletti e la tecnologia<\/strong><\/a><\/p>\n<p><a href=\"https:\/\/youtu.be\/50C22q2Sfyo?si=AWKKCoNij8i0BcPg\" target=\"_blank\" rel=\"noopener\"><strong>Agostino Penna parla del libro Romanzo Digitale<\/strong><\/a><\/p>\n<p><a href=\"https:\/\/youtu.be\/lRrboI1xZEg?si=g7imqe2PUrUoelyU\" target=\"_blank\" rel=\"noopener\"><strong>Guglielmo Poggi sul futuro e su Romanzo Digitale<\/strong><\/a><\/p>\n<p><a href=\"https:\/\/youtu.be\/7nPQKBpjd9I?si=QuMPKc2I7x1PWTx5\" target=\"_blank\" rel=\"noopener\"><strong>Massimiliano Bruno parla del libro Romanzo Digitale<\/strong><\/a><\/p>\n<p><a href=\"https:\/\/youtu.be\/VFDhakXsXB8?si=Dtavfqyk1KCrPPQw\" target=\"_blank\" rel=\"noopener\"><strong>Mattina Live Mari\u00f9 Adamo intervista Antonio Pascotto che parla del suo libro Romanzo Digitale<\/strong><\/a><\/p>\n<p><a href=\"https:\/\/www.youtube.com\/watch?v=j1qdfRSFzm8&amp;t=9s\" target=\"_blank\" rel=\"noopener\"><strong>Costantina Busignani presenta Romanzo Digitale<\/strong><\/a><\/p>\n<p><a href=\"https:\/\/youtu.be\/Fsi4Y-Wxa7E?si=SUUuXtlG58_iNFz8\" target=\"_blank\" rel=\"noopener\"><strong>Antonio Pascotto intervento al Premio giornalistico nazionale Camine Alboretti<\/strong><\/a><\/p>\n<p><a href=\"https:\/\/youtu.be\/mHkYsEYxMIs?si=dTZTCQAIQkTBKgLs\" target=\"_blank\" rel=\"noopener\"><strong>Antonio Pascotto ospite a Parole di Donna presenta il suo libro Romanzo Digitale<\/strong><\/a><\/p>\n<p><a href=\"https:\/\/youtu.be\/9RAtcNUeLy0?si=tyD1tDylKuio5sdw\" target=\"_blank\" rel=\"noopener\"><strong>Romanzo Digitale. Il servizio di Tg4<\/strong><\/a><\/p>\n<p><a href=\"https:\/\/youtu.be\/ydFGXXyz7GY?si=dLDlXBQL7kLEFb9K\" target=\"_blank\" rel=\"noopener\"><strong>Romanzo Digitale Presentazione al Festival delle Paure<\/strong><\/a><\/p>\n<p><a href=\"https:\/\/www.youtube.com\/watch?v=qiLkNN1Gtog&amp;t=15s\" target=\"_blank\" rel=\"noopener\"><strong>Pioggia su Roma<\/strong><\/a><\/p>\n<p><a href=\"https:\/\/www.youtube.com\/watch?v=7TLcSn01ZwI&amp;t=2s\" target=\"_blank\" rel=\"noopener\"><strong>Ritorno su quel ramo del lago di Como<\/strong><\/a><\/p>\n<p><a href=\"https:\/\/www.youtube.com\/watch?v=axKm3NGHNLc&amp;t=53s\" target=\"_blank\" rel=\"noopener\"><strong>Pensieri irpini<\/strong><\/a><\/p>\n<p><a href=\"https:\/\/www.youtube.com\/watch?v=TapWCRswxVQ\" target=\"_blank\" rel=\"noopener noreferrer\"><strong>L&#8217;altro sono io. Quattro chiacchiere con Pietro La Barbera\u00a0<\/strong><\/a><\/p>\n<p><a href=\"https:\/\/www.youtube.com\/watch?v=Mqe-bjuzY00\" target=\"_blank\" rel=\"noopener noreferrer\"><strong>Torre Boldone presentazione del libro<\/strong><em><strong> Il Mondo Senza Internet<\/strong><\/em><\/a><\/p>\n<p><a href=\"https:\/\/www.youtube.com\/watch?v=vnWDVp_E9-A\" target=\"_blank\" rel=\"noopener noreferrer\"><strong>Un miliardo di anni in Rete. Disquisizioni sul tempo che trascorriamo collegati a Internet<\/strong><\/a><\/p>\n<p><a href=\"https:\/\/www.youtube.com\/watch?v=fy8_M8tO3YA\" target=\"_blank\" rel=\"noopener noreferrer\"><strong>Internet e il nostro futuro digitale. Una chiacchierata su Rai Isoradio con Marco Rho<\/strong><\/a><\/p>\n<p><a href=\"https:\/\/www.youtube.com\/watch?v=40mmJ0oKbEs\" target=\"_blank\" rel=\"noopener noreferrer\"><strong>Chiss\u00e0 se oggi fosse possibile un mondo senza internet<\/strong><\/a><\/p>\n<p><a href=\"https:\/\/www.youtube.com\/watch?v=B4sLD484n1U\" target=\"_blank\" rel=\"noopener noreferrer\"><strong>La comunicazione e internet ai tempi del Covid19<\/strong><\/a><\/p>\n<p><a href=\"https:\/\/www.youtube.com\/watch?v=jNRoI3JYLLA\" target=\"_blank\" rel=\"noopener noreferrer\"><strong>Alberto Sordi Il Cinema e gli altri Genesi di un progetto<\/strong><\/a><\/p>\n<p><a href=\"https:\/\/www.youtube.com\/watch?v=bETyQamGmeo\" target=\"_blank\" rel=\"noopener noreferrer\"><strong>Speciale Autori Irpini con Antonio Pascotto<\/strong><\/a><\/p>\n<p><a href=\"https:\/\/www.youtube.com\/watch?v=MdRW-r2BQY8&amp;t=12s\" target=\"_blank\" rel=\"noopener noreferrer\"><strong>The Best of The World Without Internet<\/strong><\/a><\/p>\n<p><a href=\"https:\/\/www.youtube.com\/watch?v=9vs3zRvXq_M\" target=\"_blank\" rel=\"noopener noreferrer\"><strong>Max Pezzali e Internet<\/strong><\/a><\/p>\n<p><a href=\"https:\/\/www.youtube.com\/watch?v=CGywXLyvCPo\" target=\"_blank\" rel=\"noopener\"><strong>IV Edizione Premio Campania Felix ad Antonio Pascotto\u00a0<\/strong><\/a><\/p>\n<p><a href=\"https:\/\/www.youtube.com\/watch?v=xFa7vciLHjY\" target=\"_blank\" rel=\"noopener noreferrer\"><strong>Una chiacchierata con Marco Damilano, direttore del settimanale L&#8217;Espresso<\/strong><\/a><\/p>\n<p><a href=\"https:\/\/www.youtube.com\/watch?v=mufdd1Zc0uU\" target=\"_blank\" rel=\"noopener noreferrer\"><strong>Il Mondo senza Internet arriva nella Nuvola di Fuksas, a Roma, per la rassegna Pi\u00f9 Libri Pi\u00f9 liberi, Fiera della Piccola e Media Editoria<\/strong><\/a><\/p>\n<p><a href=\"https:\/\/www.youtube.com\/watch?v=KaWDKjRhqpA\" target=\"_blank\" rel=\"noopener noreferrer\"><strong>Gigi Marzullo, su Rai Uno, nella rubrica Mille e un libro, presenta Il Mondo senza Internet di Antonio Pascotto<\/strong><\/a><\/p>\n<p><a href=\"https:\/\/www.youtube.com\/watch?v=ageHGQtkeww\" target=\"_blank\" rel=\"noopener noreferrer\"><strong>Richard Garet, artista americano esperto di multimedialit\u00e0, pi\u00f9 volte presente al Moma di New York, ci parla del suo rapporto con il Web<\/strong><\/a><\/p>\n<p><strong><a href=\"https:\/\/www.youtube.com\/watch?v=8CvgptayYfY\" target=\"_blank\" rel=\"noopener noreferrer\">Dialogo con Antonio Marziale, presidente dell&#8217;Osservatorio per i Diritti sui Minori, sull&#8217;utilizzo di Internet e dei Social<\/a>\u00a0<\/strong><\/p>\n<p><a href=\"https:\/\/www.youtube.com\/watch?v=lKXMUnuRVF0\" target=\"_blank\" rel=\"noopener noreferrer\"><strong>E&#8217; Antonio Pascotto con il suo\u00a0 &#8216;Il Mondo senza Internet&#8217; (Male Edizioni 2019) il vincitore assoluto del Premio Il Cartoceto Cinema &amp; Libri, Festival delle Arti\u00a0<\/strong><\/a><\/p>\n<p><strong><a href=\"https:\/\/www.youtube.com\/watch?v=vP8RxcOxU_U&amp;t=1s\" target=\"_blank\" rel=\"noopener noreferrer\">Miss Italia 2019, Carolina Stramare, parla dei suoi hobby e del rapporto col web e con i social<\/a><\/strong><\/p>\n<p><a href=\"https:\/\/www.youtube.com\/watch?v=a3-7rVd_8-c&amp;t=2s\" target=\"_blank\" rel=\"noopener noreferrer\"><strong>Alessandro Sallusti parla del suo rapporto pi\u00f9 che conflittuale con Internet<\/strong><\/a><\/p>\n<p><a href=\"https:\/\/www.youtube.com\/watch?v=k8agYQTlSes\" target=\"_blank\" rel=\"noopener noreferrer\"><strong>Dietro le quinte del Tg5 per la rubrica La Lettura<\/strong><\/a><\/p>\n<p><a href=\"https:\/\/www.youtube.com\/watch?v=-_TTFxlydaU\" target=\"_blank\" rel=\"noopener noreferrer\"><strong>Giulia Salemi, influencer, svela i suoi segreti\u00a0nel rapporto con i follower<\/strong><\/a><\/p>\n<p><a href=\"https:\/\/www.tgcom24.mediaset.it\/2019\/video\/antonio-pascotto_3121365.shtml\" target=\"_blank\" rel=\"noopener noreferrer\"><strong>La Lettura, rubrica del Tg5. Carlo Gallucci ospita Antonio Pascotto che parla del suo libro Il Mondo Senza Internet<\/strong><\/a><\/p>\n<p><a href=\"https:\/\/www.youtube.com\/watch?v=BpLRh_6wLYw\" target=\"_blank\" rel=\"noopener noreferrer\"><strong>Fiorenza D&#8217;Antonio, Miss Social 2018, parla del suo rapporto con Internet<\/strong><\/a><\/p>\n<p><a href=\"https:\/\/www.youtube.com\/watch?v=KBbLYkOAHSw\" target=\"_blank\" rel=\"noopener noreferrer\"><strong>L&#8217;attore Filippo Scicchitano ci parla del suo rapporto con Internet<\/strong><\/a><\/p>\n<p><a href=\"https:\/\/www.youtube.com\/watch?v=iCUa8UDUog4&amp;t=18s\" target=\"_blank\" rel=\"noopener noreferrer\"><strong>Tommaso Paradiso parla del suo rapporto con il Web e prova a immaginare un mondo senza connessioni<\/strong><\/a><\/p>\n<p><a href=\"https:\/\/www.youtube.com\/watch?v=cWXZo8dn9s8&amp;t=75s\" target=\"_blank\" rel=\"noopener noreferrer\"><strong>Una chiacchierata su web e social con gli scrittori Gaetano Savatteri e Carmelo Sardo<\/strong><\/a><\/p>\n<p><a href=\"https:\/\/www.youtube.com\/watch?v=OeMu8On2oXI\" target=\"_blank\" rel=\"noopener noreferrer\"><strong>Il Mondo di Internet presentato all&#8217;Isola del Cinema e della Cultura di Roma<\/strong><\/a><\/p>\n<p><a href=\"https:\/\/www.youtube.com\/watch?v=33Emq87uraU&amp;t=77s\" target=\"_blank\" rel=\"noopener noreferrer\"><strong>Roberto Simoni, Una voce fuori dal coro<\/strong><\/a><\/p>\n<p><a href=\"https:\/\/www.youtube.com\/watch?v=_9SPRKWlgMI\" target=\"_blank\" rel=\"noopener noreferrer\"><strong>Presentazione del libro IL MONDO SENZA INTERNET al Grand Hotel Plaza di Roma. 10 luglio 2019\u00a0PRIMA PARTE<\/strong><\/a><\/p>\n<p><a href=\"https:\/\/www.youtube.com\/watch?v=ESJha_Uiyuw\" target=\"_blank\" rel=\"noopener noreferrer\"><strong>Presentazione del libro IL MONDO SENZA INTERNET Al Grand Hotel Plaza di Roma. SECONDA PARTE<\/strong><\/a><\/p>\n<p><a href=\"https:\/\/www.youtube.com\/watch?v=uStd3q_ubn0\" target=\"_blank\" rel=\"noopener noreferrer\"><strong>Luca Abete di Striscia la Notizia parla del MONDO SENZA INTERNET<\/strong><\/a><\/p>\n<p><a href=\"https:\/\/www.youtube.com\/watch?v=9jVALEDeU6Y\" target=\"_blank\" rel=\"noopener noreferrer\"><strong>Gianni Rivera parla del MONDO SENZA INTERNET e del suo rapporto col Web e con i social<\/strong><\/a><\/p>\n<p><strong><a href=\"http:\/\/www.isoradio.rai.it\/dl\/portaleRadio\/media\/ContentItem-4e3dcf61-aaeb-455a-b103-2178754d727c.html\" target=\"_blank\" rel=\"noopener noreferrer\">Monica Macchioni e Antonio Pascotto su Isoradio parlano di Web e Comunicazione<\/a><\/strong><\/p>\n<p><a href=\"https:\/\/www.raiplayradio.it\/audio\/2019\/07\/Vita-da-strada-del-21072019-Antonio-Pascotto-5e759119-67f0-4870-8ee2-41c0820301d8.html\" target=\"_blank\" rel=\"noopener noreferrer\"><strong>Vita da strada. Su Rai Radio Live Antonio Pascotto racconta il suo libro IL MONDO SENZA INTERNET ai microfoni di Fabrizio Casinelli<\/strong><\/a><\/p>\n<p><a href=\"http:\/\/www.isoradio.rai.it\/dl\/portaleRadio\/media\/ContentItem-37d5cd28-ad32-44f5-ae7b-81acf350aee3.html\" target=\"_blank\" rel=\"noopener noreferrer\"><strong>Antonio Pascotto a Isoradio Rai parla del libro IL MONDO SENZA INTERNET<\/strong><\/a><\/p>\n<p><a href=\"https:\/\/www.youtube.com\/watch?v=JJTICnzbHHU\" target=\"_blank\" rel=\"noopener noreferrer\"><strong>La psicologa Flaminia Bolzan alla presentazione del libro IL MONDO SENZA INTERNET<\/strong><\/a><\/p>\n<p><a href=\"https:\/\/www.youtube.com\/watch?v=X0RwtfVPsOg\" target=\"_blank\" rel=\"noopener noreferrer\"><strong>L&#8217;economista Fabio Verna alla presentazione del libro di Antonio Pascotto IL MONDO SENZA INTERNET<\/strong><\/a><\/p>\n<p><a href=\"https:\/\/www.youtube.com\/watch?v=gObDvi0tClQ\" target=\"_blank\" rel=\"noopener noreferrer\"><strong>Claudio Gregori, Greg, parla con Antonio Pascotto del Mondo senza Internet e del suo rapporto con il Web<\/strong><\/a><\/p>\n<p><a href=\"https:\/\/www.youtube.com\/watch?v=xhxxU62256w\" target=\"_blank\" rel=\"noopener noreferrer\"><strong>Antonio Pascotto e Christian Marazziti, regista del film Sconnessi, parlano del libro IL MONDO SENZA INTERNET<\/strong><\/a><\/p>\n<p><a href=\"https:\/\/www.youtube.com\/watch?v=lUZl22eM7C8\" target=\"_blank\" rel=\"noopener\"><strong>Dietro le quinte del film Teresa Manganiello sui passi dell&#8217;amore<\/strong><\/a><\/p>\n<p><strong><a href=\"https:\/\/www.youtube.com\/watch?v=O-XDh8N8t4M\" target=\"_blank\" rel=\"noopener noreferrer\">Antonio Pascotto e Luca Abete con Sergio Fiorentini nel film Teresa Manganiello Sui passi dell&#8217;amore<\/a><\/strong><\/p>\n<p><a href=\"https:\/\/www.youtube.com\/watch?v=iCTsf8yvXM4\" target=\"_blank\" rel=\"noopener noreferrer\"><strong>Antonio Pascotto ritira il Premio Solidariet\u00e0<\/strong><\/a><\/p>\n<p><strong><a href=\"https:\/\/www.youtube.com\/watch?v=6V2rCnxlaKM\" target=\"_blank\" rel=\"noopener noreferrer\">IL COMUNICATTIVO RADIO 1 RAI INTERVISTA ANTONIO PASCOTTO<\/a><\/strong><\/p>\n<p><strong><a href=\"https:\/\/www.youtube.com\/watch?v=jkVa3ikLetM\" target=\"_blank\" rel=\"noopener noreferrer\">Paola Saluzzi presenta il libro di Antonio Pascotto su Alberto Sordi<\/a><\/strong><\/p>\n<p><strong><a href=\"https:\/\/www.youtube.com\/watch?v=bzkmb1WMh-c\" target=\"_blank\" rel=\"noopener noreferrer\">Antonio Pascotto ospite di Class Cnbc<\/a><\/strong><\/p>\n<p><strong><a href=\"https:\/\/www.youtube.com\/watch?v=2Rxqr3EroME\" target=\"_blank\" rel=\"noopener noreferrer\">Antonio Pascotto La televisione che verr\u00e0 1<\/a><\/strong><\/p>\n<p><strong><a href=\"https:\/\/www.youtube.com\/watch?v=Uea-C6JHqiA\" target=\"_blank\" rel=\"noopener noreferrer\">Antonio Pascotto La televisione che verr\u00e0 2<\/a><\/strong><\/p>\n<p><strong><a href=\"https:\/\/www.youtube.com\/watch?v=3FQXoftnVw4\" target=\"_blank\" rel=\"noopener noreferrer\">Antonio Pascotto La televisione che verr\u00e0 3<\/a><\/strong><\/p>\n<p><strong><a href=\"https:\/\/www.youtube.com\/watch?v=o78aewAMzwM\" target=\"_blank\" rel=\"noopener noreferrer\">Antonio Pascotto La televisione che verr\u00e0 4<\/a><\/strong><\/p>\n<p><strong><a href=\"https:\/\/www.youtube.com\/watch?v=LGMAJHrjciY\" target=\"_blank\" rel=\"noopener noreferrer\">ANTONIO PASCOTTO OSPITE DI &#8220;CARTA VETRATA&#8221; PROGRAMMA RADIOFONICO<\/a><\/strong><\/p>","protected":false},"excerpt":{"rendered":"<p>\u00a0 Clicca sui link per guardare i video e per ascoltare i podcast Romanzo Digitale vince il Premio Letterario Internazionale Citt\u00e0 di Cattolica Gigi Marzullo presenta Romanzo Digitale a Milleunlibro su Rai Uno Romanzo Digitale. Presentazione al Maximilian Bistrot di Segrate Milano 2 Palazzo dei Cigni Romanzo Digitale. Presentazione alla Galleria Glenda Cinquegrana di Milano [&hellip;]<\/p>\n","protected":false},"author":2,"featured_media":0,"parent":0,"menu_order":0,"comment_status":"closed","ping_status":"closed","template":"","meta":{"advanced_seo_description":"","jetpack_seo_html_title":"","jetpack_seo_noindex":false,"jetpack_post_was_ever_published":false},"jetpack_sharing_enabled":true,"jetpack_shortlink":"https:\/\/wp.me\/P8swp8-2N","jetpack-related-posts":[{"id":1716,"url":"https:\/\/antoniopascotto.it\/?page_id=1716","url_meta":{"origin":173,"position":0},"title":"Il tempo \u00e8 il filo\u2026","author":"Antonio Pascotto","date":"Ottobre 4, 2023","format":false,"excerpt":"Il tempo \u00e8 il filo conduttore delle pagine di questo libro, dove i ricordi descrivono emozioni che riemergono alla vigilia di grandi cambiamenti. C\u2019\u00e8 una relazione tra tempo e futuro. Il tempo che misura le ore e i giorni e quello che ancora deve arrivare. Il tempo trascorso e quello\u2026","rel":"","context":"Articolo simile","block_context":{"text":"Articolo simile","link":""},"img":{"alt_text":"","src":"https:\/\/i0.wp.com\/antoniopascotto.it\/wp-content\/uploads\/2023\/10\/COPERTINA-LIBRO-jpeg.jpg?resize=350%2C200&ssl=1","width":350,"height":200},"classes":[]},{"id":2,"url":"https:\/\/antoniopascotto.it\/?page_id=2","url_meta":{"origin":173,"position":1},"title":"Antonio Pascotto, giornalista, \u00e8 iscritto\u2026","author":"antonio pascotto","date":"Maggio 10, 2016","format":false,"excerpt":"Antonio Pascotto, giornalista, \u00e8 iscritto alla stampa parlamentare. Lavora a\u00a0Mediaset\u00a0dal 1993. Inviato in Italia e all'estero, impegnato per speciali e rubriche televisive, ha iniziato presto la sua attivit\u00e0 con una lunga esperienza in radio e televisioni private. Pi\u00f9 volte al seguito di papa Giovanni Paolo Secondo\u00a0nei suoi viaggi all'estero e\u2026","rel":"","context":"Articolo simile","block_context":{"text":"Articolo simile","link":""},"img":{"alt_text":"","src":"https:\/\/i0.wp.com\/antoniopascotto.it\/wp-content\/uploads\/2016\/05\/Foto-redazione-200x300.jpg?resize=350%2C200","width":350,"height":200},"classes":[]},{"id":1134,"url":"https:\/\/antoniopascotto.it\/?page_id=1134","url_meta":{"origin":173,"position":2},"title":"Svegliarsi una mattina e scoprire\u2026","author":"Antonio Pascotto","date":"Settembre 30, 2019","format":false,"excerpt":"Svegliarsi una mattina e scoprire che, per motivi di sicurezza internazionale, Internet \u00e8 stato bloccato per sempre. Succede al protagonista di questo libro che, da un giorno all\u2019altro, come tutti, ora si sente straniero in un villaggio che di globale non ha pi\u00f9 niente. La vita di milioni di persone\u2026","rel":"","context":"Articolo simile","block_context":{"text":"Articolo simile","link":""},"img":{"alt_text":"","src":"","width":0,"height":0},"classes":[]},{"id":49,"url":"https:\/\/antoniopascotto.it\/?page_id=49","url_meta":{"origin":173,"position":3},"title":"&nbsp; &nbsp; Raccontare la televisione,\u2026","author":"Antonio Pascotto","date":"Febbraio 19, 2017","format":false,"excerpt":"\u00a0 \u00a0 Raccontare la televisione, prendendo le mosse\u00a0dall'offerta di canali che caratterizza oggi l'universo del piccolo schermo: dal digitale terrestre al satellite, da internet\u00a0alla convergenza tra tv, pc e cellulari, fino agli apparecchi di ultima generazione capaci\u00a0di immagazzinare ore\u00a0e ore di trasmissioni televisive. Nel volume si parte dalla consapevolezza di\u2026","rel":"","context":"Articolo simile","block_context":{"text":"Articolo simile","link":""},"img":{"alt_text":"","src":"","width":0,"height":0},"classes":[]},{"id":70,"url":"https:\/\/antoniopascotto.it\/?page_id=70","url_meta":{"origin":173,"position":4},"title":"&nbsp; &nbsp; I vecchi media\u2026","author":"Antonio Pascotto","date":"Febbraio 19, 2017","format":false,"excerpt":"\u00a0 \u00a0 I vecchi media non moriranno, ma l'evoluzione della professione \u00e8 legata al loro adeguamento rispetto alle tecnologie e alla qualit\u00e0 dei contenuti. La tendenza, favorita dalla Rete e dai suoi snodi, \u00e8 di dare spazio all'informazione personalizzata, attraverso sistemi immediati ed economici, capaci di cogliere le novit\u00e0 e\u2026","rel":"","context":"Articolo simile","block_context":{"text":"Articolo simile","link":""},"img":{"alt_text":"","src":"https:\/\/i0.wp.com\/antoniopascotto.it\/wp-content\/uploads\/2017\/02\/158-1.jpg?fit=314%2C403&ssl=1&resize=350%2C200","width":350,"height":200},"classes":[]},{"id":52,"url":"https:\/\/antoniopascotto.it\/?page_id=52","url_meta":{"origin":173,"position":5},"title":"&nbsp; &nbsp; Tra cinema e\u2026","author":"Antonio Pascotto","date":"Febbraio 19, 2017","format":false,"excerpt":"\u00a0 \u00a0 Tra cinema e realt\u00e0 Alberto Sordi ci ha rappresentato e mostrato per quello che siamo; ci ha costretti allo specchio, ha rappresentato l'italianeit\u00e0 per gli italiani, concentrando in s\u00e9 i nostri antropologici umori negativi, perfino le nostre abiezioni. Sordi personaggio ha finito col ricoprire un ruolo di antologia\u2026","rel":"","context":"Articolo simile","block_context":{"text":"Articolo simile","link":""},"img":{"alt_text":"","src":"https:\/\/i0.wp.com\/antoniopascotto.it\/wp-content\/uploads\/2017\/02\/SORDI.jpg?fit=274%2C270&ssl=1&resize=350%2C200","width":350,"height":200},"classes":[]}],"_links":{"self":[{"href":"https:\/\/antoniopascotto.it\/index.php?rest_route=\/wp\/v2\/pages\/173"}],"collection":[{"href":"https:\/\/antoniopascotto.it\/index.php?rest_route=\/wp\/v2\/pages"}],"about":[{"href":"https:\/\/antoniopascotto.it\/index.php?rest_route=\/wp\/v2\/types\/page"}],"author":[{"embeddable":true,"href":"https:\/\/antoniopascotto.it\/index.php?rest_route=\/wp\/v2\/users\/2"}],"replies":[{"embeddable":true,"href":"https:\/\/antoniopascotto.it\/index.php?rest_route=%2Fwp%2Fv2%2Fcomments&post=173"}],"version-history":[{"count":99,"href":"https:\/\/antoniopascotto.it\/index.php?rest_route=\/wp\/v2\/pages\/173\/revisions"}],"predecessor-version":[{"id":2064,"href":"https:\/\/antoniopascotto.it\/index.php?rest_route=\/wp\/v2\/pages\/173\/revisions\/2064"}],"wp:attachment":[{"href":"https:\/\/antoniopascotto.it\/index.php?rest_route=%2Fwp%2Fv2%2Fmedia&parent=173"}],"curies":[{"name":"wp","href":"https:\/\/api.w.org\/{rel}","templated":true}]}}