{"id":1716,"date":"2023-10-04T08:54:36","date_gmt":"2023-10-04T08:54:36","guid":{"rendered":"https:\/\/antoniopascotto.it\/?page_id=1716"},"modified":"2024-02-25T11:23:45","modified_gmt":"2024-02-25T11:23:45","slug":"romanzo-digitale-dalla-pandemia-allintelligenza-artificiale-il-diario-dei-prossimi-dieci-anni-riflessioni-sulla-tecnologia-e-sul-tempo","status":"publish","type":"page","link":"https:\/\/antoniopascotto.it\/?page_id=1716","title":{"rendered":""},"content":{"rendered":"\n<figure class=\"wp-block-image size-full is-resized\"><img data-attachment-id=\"1717\" data-permalink=\"https:\/\/antoniopascotto.it\/?attachment_id=1717\" data-orig-file=\"https:\/\/i0.wp.com\/antoniopascotto.it\/wp-content\/uploads\/2023\/10\/COPERTINA-LIBRO-jpeg.jpg?fit=536%2C809&amp;ssl=1\" data-orig-size=\"536,809\" data-comments-opened=\"1\" data-image-meta=\"{&quot;aperture&quot;:&quot;0&quot;,&quot;credit&quot;:&quot;&quot;,&quot;camera&quot;:&quot;&quot;,&quot;caption&quot;:&quot;&quot;,&quot;created_timestamp&quot;:&quot;0&quot;,&quot;copyright&quot;:&quot;&quot;,&quot;focal_length&quot;:&quot;0&quot;,&quot;iso&quot;:&quot;0&quot;,&quot;shutter_speed&quot;:&quot;0&quot;,&quot;title&quot;:&quot;&quot;,&quot;orientation&quot;:&quot;0&quot;}\" data-image-title=\"COPERTINA-LIBRO-jpeg\" data-image-description=\"\" data-image-caption=\"\" data-medium-file=\"https:\/\/i0.wp.com\/antoniopascotto.it\/wp-content\/uploads\/2023\/10\/COPERTINA-LIBRO-jpeg.jpg?fit=199%2C300&amp;ssl=1\" data-large-file=\"https:\/\/i0.wp.com\/antoniopascotto.it\/wp-content\/uploads\/2023\/10\/COPERTINA-LIBRO-jpeg.jpg?fit=536%2C809&amp;ssl=1\" decoding=\"async\" loading=\"lazy\" src=\"https:\/\/i0.wp.com\/antoniopascotto.it\/wp-content\/uploads\/2023\/10\/COPERTINA-LIBRO-jpeg.jpg?resize=249%2C375&#038;ssl=1\" alt=\"\" class=\"wp-image-1717\" width=\"249\" height=\"375\" srcset=\"https:\/\/i0.wp.com\/antoniopascotto.it\/wp-content\/uploads\/2023\/10\/COPERTINA-LIBRO-jpeg.jpg?w=536&amp;ssl=1 536w, https:\/\/i0.wp.com\/antoniopascotto.it\/wp-content\/uploads\/2023\/10\/COPERTINA-LIBRO-jpeg.jpg?resize=199%2C300&amp;ssl=1 199w\" sizes=\"(max-width: 249px) 100vw, 249px\" data-recalc-dims=\"1\" \/><\/figure>\n\n\n\n<p>Il tempo \u00e8 il filo conduttore delle pagine di questo libro, dove i ricordi descrivono emozioni che riemergono alla vigilia di grandi cambiamenti. C\u2019\u00e8 una relazione tra tempo e futuro. Il tempo che misura le ore e i giorni e quello che ancora deve arrivare. Il tempo trascorso e quello che regaliamo agli algoritmi quando restiamo incollati ai telefonini per ore. O quello, sempre pi\u00f9 veloce, impiegato dalle macchine dotate di intelligenza artificiale per svolgere un particolare compito. Il tempo che abbiamo ancora a disposizione, ma non per molto, per tutelare l\u2019ambiente ed evitare la catastrofe. Il tempo che oscilla come un pendolo tra passato e futuro. Anche gli oggetti presenti in una casa o quelli esposti sui banchi di un mercatino dell\u2019usato sono il pretesto per raccontare storie ed esperienze, anche personali, che si contrappongono a visioni e prospettive futuristiche. Possiamo imparare dal passato. Guai se un giorno qualcuno decidesse di cancellare i nostri ricordi.<br>Poi c\u2019\u00e8 il rapporto tra uomo e macchina. La tecnologia si fa strada entrando prepotentemente nelle nostre vite connesse. All\u2019intelligenza umana si affianca l\u2019Intelligenza Artificiale. E nascono nuove sfide. La prima \u00e8 certamente l\u2019interazione tra il nostro cervello e i computer. Dovr\u00e0 garantire nuove funzioni e sviluppare, in tutti i campi, nuovi strumenti per migliorare la vita. Avremo a che fare sempre di pi\u00f9 con androidi e robot ai quali affidare compiti di una certa responsabilit\u00e0. Macchine che non si stancano, che possono svolgere il loro lavoro anche in condizioni impensabili per l\u2019uomo. Ma sempre macchine. Assistenti digitali che offrono e offriranno una moltitudine di servizi senza riserve. Senza la preoccupazione di una malattia, tra ambiente e tecnologia. Una nuova era, nel corso della quale avvertiremo sempre di pi\u00f9 il bisogno di capire, come esseri umani, chi siamo.<\/p>\n\n\n\n<p>ROMANZO DIGITALE<br>Dalla pandemia all\u2019Intelligenza Artificiale.<br>Il diario dei prossimi dieci anni.<br>Riflessioni sulla tecnologia e sul tempo.<br>di ANTONIO PASCOTTO<br>Firenze, Settembre 2023<br>Edizioni Jolly Roger<br>Collana IQ133 NARRATIVA AUMENTATA<br>ISBN 9788831938884<br>cm 14&#215;21, copertina flessibile<br>316 pagine<br>Prezzo di copertina \u20ac 15,00<br>Distribuito da LibroCo Italia Srl<\/p>\n\n\n\n<p>In vendita in tutte le librerie oppure \u00e8 acquistabile su\u00a0<\/p>\n\n\n\n<p><a rel=\"noreferrer noopener\" href=\"https:\/\/www.amazon.it\/allintelligenza-artificiale-Riflessioni-tecnologia-Segnalibro\/dp\/8831938886\/ref=sr_1_1?__mk_it_IT=%C3%85M%C3%85%C5%BD%C3%95%C3%91&amp;crid=2ULXPHP0EODFC&amp;dib=eyJ2IjoiMSJ9.eG4OA9VlGfbOGtGvfxlngWVmYTPwp3z8ttW64vdV7tDpDnGiuiLCdVtc9JbSMDCWn2mSzXd-0fju3ppgv7Vgp05ZPN_85ubJUGxD2-HYhnopOvyxp1xhpTHPgjsRTX0yc5peZphdwq7KZCxm4IWdp1TCrdlkHfKJYN4MQXLkUPmaRnG0TwIWGQFvD2G9ZRIoCFYoQcmYMirfnS7_cV42RRX3CLwqwnP5GJGUR0TXxeFX_hnIYo0KGgv-0O8mMU47bECyucy6TMZtXTyU71BlAiSg2wqOQrit_1Q8y5gK-0I.LRc8wZS06Do7I2fDvtuoroCy_KqX7XRbUoKyNC99zE4&amp;dib_tag=se&amp;keywords=romanzo+digitale&amp;qid=1708859040&amp;sprefix=romanzo+digitale%2Caps%2C185&amp;sr=8-1\" target=\"_blank\"><strong>Amazon<\/strong><\/a>, <strong><a rel=\"noreferrer noopener\" href=\"https:\/\/www.lafeltrinelli.it\/romanzo-digitale-dalla-pandemia-all-libro-antonio-pascotto\/e\/9788831938884?queryId=0b64b6e19e3bcdc7a4b2b6ae61eab07d\" target=\"_blank\">Feltrinelli<\/a>,<\/strong> <strong><a rel=\"noreferrer noopener\" href=\"https:\/\/www.mondadoristore.it\/Romanzo-digitale-Dalla-Antonio-Pascotto\/eai978883193888\/\" target=\"_blank\">Mondadori Store<\/a><\/strong>, <strong><a rel=\"noreferrer noopener\" href=\"https:\/\/www.ibs.it\/romanzo-digitale-dalla-pandemia-all-libro-antonio-pascotto\/e\/9788831938884?queryId=62ff57f1c427ece7b4da904da3a9f090\" target=\"_blank\">Ibs<\/a><\/strong>, <strong><a rel=\"noreferrer noopener\" href=\"https:\/\/www.libreriauniversitaria.it\/romanzo-digitale-pandemia-intelligenza-artificiale\/libro\/9788831938884\" target=\"_blank\">Libreria Universitaria<\/a><\/strong>, <strong><a rel=\"noreferrer noopener\" href=\"https:\/\/www.libraccio.it\/src\/?FT=romanzo+digitale+antonio+pascotto&amp;ch=libraccio\" target=\"_blank\">Il Libraccio<\/a><\/strong>, <strong><a rel=\"noreferrer noopener\" href=\"https:\/\/www.bookdealer.it\/libro\/9788831938884\/romanzo-digitale-dalla-pandemia-allintelligenza-artificiale-il-diario-dei-prossimi-dieci-anni-riflessioni-sulla-tecnologia-e-sul-tempo-con-segnalibro\" target=\"_blank\">Bookdealer<\/a><\/strong>, <strong><a rel=\"noreferrer noopener\" href=\"https:\/\/www.unilibro.it\/libro\/pascotto-antonio\/romanzo-digitale-pandemia-all-intelligenza-artificiale-diario-prossimi-dieci-anni-riflessioni-tecnologia-tempo-segnalibro\/9788831938884\" target=\"_blank\">Unilibro<\/a><\/strong>, <strong><a rel=\"noreferrer noopener\" href=\"https:\/\/www.libreriarizzoli.it\/Romanzo-digitale-Dalla-Antonio-Pascotto\/eai978883193888\/\" target=\"_blank\">Libreria Rizzoli<\/a><\/strong>, <strong><a rel=\"noreferrer noopener\" href=\"https:\/\/www.ubiklibri.it\/book-9788831938884-romanzo-digitale-dalla-pandemia-all-intelligenza-artificiale-il-diario-dei-prossimi-dieci-anni-riflessioni-sulla-tecnologia-e-sul-tempo-con-segnalibro.html\" target=\"_blank\">Librerie Ubik<\/a><\/strong> e molte altre librerie on line<\/p>\n\n\n\n<p><\/p>\n","protected":false},"excerpt":{"rendered":"<p>Il tempo \u00e8 il filo conduttore delle pagine di questo libro, dove i ricordi descrivono emozioni che riemergono alla vigilia di grandi cambiamenti. C\u2019\u00e8 una relazione tra tempo e futuro. Il tempo che misura le ore e i giorni e quello che ancora deve arrivare. Il tempo trascorso e quello che regaliamo agli algoritmi quando [&hellip;]<\/p>\n","protected":false},"author":2,"featured_media":0,"parent":0,"menu_order":0,"comment_status":"closed","ping_status":"closed","template":"","meta":{"advanced_seo_description":"","jetpack_seo_html_title":"","jetpack_seo_noindex":false,"jetpack_post_was_ever_published":false},"jetpack_sharing_enabled":true,"jetpack_shortlink":"https:\/\/wp.me\/P8swp8-rG","jetpack-related-posts":[{"id":49,"url":"https:\/\/antoniopascotto.it\/?page_id=49","url_meta":{"origin":1716,"position":0},"title":"&nbsp; &nbsp; Raccontare la televisione,\u2026","author":"Antonio Pascotto","date":"Febbraio 19, 2017","format":false,"excerpt":"\u00a0 \u00a0 Raccontare la televisione, prendendo le mosse\u00a0dall'offerta di canali che caratterizza oggi l'universo del piccolo schermo: dal digitale terrestre al satellite, da internet\u00a0alla convergenza tra tv, pc e cellulari, fino agli apparecchi di ultima generazione capaci\u00a0di immagazzinare ore\u00a0e ore di trasmissioni televisive. Nel volume si parte dalla consapevolezza di\u2026","rel":"","context":"Articolo simile","block_context":{"text":"Articolo simile","link":""},"img":{"alt_text":"","src":"","width":0,"height":0},"classes":[]},{"id":52,"url":"https:\/\/antoniopascotto.it\/?page_id=52","url_meta":{"origin":1716,"position":1},"title":"&nbsp; &nbsp; Tra cinema e\u2026","author":"Antonio Pascotto","date":"Febbraio 19, 2017","format":false,"excerpt":"\u00a0 \u00a0 Tra cinema e realt\u00e0 Alberto Sordi ci ha rappresentato e mostrato per quello che siamo; ci ha costretti allo specchio, ha rappresentato l'italianeit\u00e0 per gli italiani, concentrando in s\u00e9 i nostri antropologici umori negativi, perfino le nostre abiezioni. Sordi personaggio ha finito col ricoprire un ruolo di antologia\u2026","rel":"","context":"Articolo simile","block_context":{"text":"Articolo simile","link":""},"img":{"alt_text":"","src":"https:\/\/i0.wp.com\/antoniopascotto.it\/wp-content\/uploads\/2017\/02\/SORDI.jpg?fit=274%2C270&ssl=1&resize=350%2C200","width":350,"height":200},"classes":[]},{"id":1134,"url":"https:\/\/antoniopascotto.it\/?page_id=1134","url_meta":{"origin":1716,"position":2},"title":"Svegliarsi una mattina e scoprire\u2026","author":"Antonio Pascotto","date":"Settembre 30, 2019","format":false,"excerpt":"Svegliarsi una mattina e scoprire che, per motivi di sicurezza internazionale, Internet \u00e8 stato bloccato per sempre. Succede al protagonista di questo libro che, da un giorno all\u2019altro, come tutti, ora si sente straniero in un villaggio che di globale non ha pi\u00f9 niente. La vita di milioni di persone\u2026","rel":"","context":"Articolo simile","block_context":{"text":"Articolo simile","link":""},"img":{"alt_text":"","src":"","width":0,"height":0},"classes":[]},{"id":2,"url":"https:\/\/antoniopascotto.it\/?page_id=2","url_meta":{"origin":1716,"position":3},"title":"Antonio Pascotto, giornalista, \u00e8 iscritto\u2026","author":"antonio pascotto","date":"Maggio 10, 2016","format":false,"excerpt":"Antonio Pascotto, giornalista, \u00e8 iscritto alla stampa parlamentare. Lavora a\u00a0Mediaset\u00a0dal 1993. Inviato in Italia e all'estero, impegnato per speciali e rubriche televisive, ha iniziato presto la sua attivit\u00e0 con una lunga esperienza in radio e televisioni private. Pi\u00f9 volte al seguito di papa Giovanni Paolo Secondo\u00a0nei suoi viaggi all'estero e\u2026","rel":"","context":"Articolo simile","block_context":{"text":"Articolo simile","link":""},"img":{"alt_text":"","src":"https:\/\/i0.wp.com\/antoniopascotto.it\/wp-content\/uploads\/2016\/05\/Foto-redazione-200x300.jpg?resize=350%2C200","width":350,"height":200},"classes":[]},{"id":173,"url":"https:\/\/antoniopascotto.it\/?page_id=173","url_meta":{"origin":1716,"position":4},"title":"VIDEO E RADIO GALLERY","author":"Antonio Pascotto","date":"Febbraio 19, 2017","format":false,"excerpt":"\u00a0 Clicca sui link per guardare i video e per ascoltare i podcast Romanzo Digitale vince il Premio Letterario Internazionale Citt\u00e0 di Cattolica Gigi Marzullo presenta Romanzo Digitale a Milleunlibro su Rai Uno Romanzo Digitale. Presentazione al Maximilian Bistrot di Segrate Milano 2 Palazzo dei Cigni Romanzo Digitale. Presentazione alla\u2026","rel":"","context":"Articolo simile","block_context":{"text":"Articolo simile","link":""},"img":{"alt_text":"","src":"https:\/\/i0.wp.com\/antoniopascotto.it\/wp-content\/uploads\/2024\/01\/COPERTINA-LIBRO-jpeg.jpg?resize=350%2C200&ssl=1","width":350,"height":200},"classes":[]},{"id":70,"url":"https:\/\/antoniopascotto.it\/?page_id=70","url_meta":{"origin":1716,"position":5},"title":"&nbsp; &nbsp; I vecchi media\u2026","author":"Antonio Pascotto","date":"Febbraio 19, 2017","format":false,"excerpt":"\u00a0 \u00a0 I vecchi media non moriranno, ma l'evoluzione della professione \u00e8 legata al loro adeguamento rispetto alle tecnologie e alla qualit\u00e0 dei contenuti. La tendenza, favorita dalla Rete e dai suoi snodi, \u00e8 di dare spazio all'informazione personalizzata, attraverso sistemi immediati ed economici, capaci di cogliere le novit\u00e0 e\u2026","rel":"","context":"Articolo simile","block_context":{"text":"Articolo simile","link":""},"img":{"alt_text":"","src":"https:\/\/i0.wp.com\/antoniopascotto.it\/wp-content\/uploads\/2017\/02\/158-1.jpg?fit=314%2C403&ssl=1&resize=350%2C200","width":350,"height":200},"classes":[]}],"_links":{"self":[{"href":"https:\/\/antoniopascotto.it\/index.php?rest_route=\/wp\/v2\/pages\/1716"}],"collection":[{"href":"https:\/\/antoniopascotto.it\/index.php?rest_route=\/wp\/v2\/pages"}],"about":[{"href":"https:\/\/antoniopascotto.it\/index.php?rest_route=\/wp\/v2\/types\/page"}],"author":[{"embeddable":true,"href":"https:\/\/antoniopascotto.it\/index.php?rest_route=\/wp\/v2\/users\/2"}],"replies":[{"embeddable":true,"href":"https:\/\/antoniopascotto.it\/index.php?rest_route=%2Fwp%2Fv2%2Fcomments&post=1716"}],"version-history":[{"count":18,"href":"https:\/\/antoniopascotto.it\/index.php?rest_route=\/wp\/v2\/pages\/1716\/revisions"}],"predecessor-version":[{"id":1996,"href":"https:\/\/antoniopascotto.it\/index.php?rest_route=\/wp\/v2\/pages\/1716\/revisions\/1996"}],"wp:attachment":[{"href":"https:\/\/antoniopascotto.it\/index.php?rest_route=%2Fwp%2Fv2%2Fmedia&parent=1716"}],"curies":[{"name":"wp","href":"https:\/\/api.w.org\/{rel}","templated":true}]}}