{"id":1134,"date":"2019-09-30T07:32:20","date_gmt":"2019-09-30T07:32:20","guid":{"rendered":"http:\/\/antoniopascotto.it\/?page_id=1134"},"modified":"2019-12-08T09:00:43","modified_gmt":"2019-12-08T09:00:43","slug":"1134-2","status":"publish","type":"page","link":"https:\/\/antoniopascotto.it\/?page_id=1134","title":{"rendered":""},"content":{"rendered":"<p><img data-attachment-id=\"1135\" data-permalink=\"https:\/\/antoniopascotto.it\/?attachment_id=1135\" data-orig-file=\"https:\/\/i0.wp.com\/antoniopascotto.it\/wp-content\/uploads\/2019\/09\/LIBRO-COPERTINA-definitiva.jpg?fit=775%2C1200&amp;ssl=1\" data-orig-size=\"775,1200\" data-comments-opened=\"1\" data-image-meta=\"{&quot;aperture&quot;:&quot;0&quot;,&quot;credit&quot;:&quot;&quot;,&quot;camera&quot;:&quot;&quot;,&quot;caption&quot;:&quot;&quot;,&quot;created_timestamp&quot;:&quot;0&quot;,&quot;copyright&quot;:&quot;&quot;,&quot;focal_length&quot;:&quot;0&quot;,&quot;iso&quot;:&quot;0&quot;,&quot;shutter_speed&quot;:&quot;0&quot;,&quot;title&quot;:&quot;&quot;,&quot;orientation&quot;:&quot;1&quot;}\" data-image-title=\"LIBRO COPERTINA definitiva\" data-image-description=\"\" data-image-caption=\"\" data-medium-file=\"https:\/\/i0.wp.com\/antoniopascotto.it\/wp-content\/uploads\/2019\/09\/LIBRO-COPERTINA-definitiva.jpg?fit=194%2C300&amp;ssl=1\" data-large-file=\"https:\/\/i0.wp.com\/antoniopascotto.it\/wp-content\/uploads\/2019\/09\/LIBRO-COPERTINA-definitiva.jpg?fit=661%2C1024&amp;ssl=1\" decoding=\"async\" loading=\"lazy\" class=\"alignleft size-medium wp-image-1135\" src=\"https:\/\/i0.wp.com\/antoniopascotto.it\/wp-content\/uploads\/2019\/09\/LIBRO-COPERTINA-definitiva.jpg?resize=194%2C300\" alt=\"\" width=\"194\" height=\"300\" srcset=\"https:\/\/i0.wp.com\/antoniopascotto.it\/wp-content\/uploads\/2019\/09\/LIBRO-COPERTINA-definitiva.jpg?resize=194%2C300&amp;ssl=1 194w, https:\/\/i0.wp.com\/antoniopascotto.it\/wp-content\/uploads\/2019\/09\/LIBRO-COPERTINA-definitiva.jpg?resize=768%2C1189&amp;ssl=1 768w, https:\/\/i0.wp.com\/antoniopascotto.it\/wp-content\/uploads\/2019\/09\/LIBRO-COPERTINA-definitiva.jpg?resize=661%2C1024&amp;ssl=1 661w, https:\/\/i0.wp.com\/antoniopascotto.it\/wp-content\/uploads\/2019\/09\/LIBRO-COPERTINA-definitiva.jpg?w=775&amp;ssl=1 775w\" sizes=\"(max-width: 194px) 100vw, 194px\" data-recalc-dims=\"1\" \/>Svegliarsi una mattina e scoprire che, per motivi di sicurezza internazionale, Internet \u00e8 stato bloccato per sempre. Succede al protagonista di questo libro che, da un giorno all\u2019altro, come tutti, ora si sente straniero in un villaggio che di globale non ha pi\u00f9 niente. La vita di milioni di persone viene sconvolta. Senza Internet sono andati in fumo sviluppo tecnologico e digitale, Web, connessioni, applicazioni, domotica, automazione e robotizzazione, streaming, YouTube, WhatsApp, Facebook, Twitter. Niente pi\u00f9 foto su Instagram, niente Cloud, niente e-mail. Per spedire una lettera occorre tornare a fare la fila all\u2019ufficio postale. E per un bonifico bisogna recarsi necessariamente in banca. Nessun acquisto online: Amazon deve vendere i suoi prodotti come si faceva un tempo con Postalmarket. TripAdvisor \u00e8 solo un ricordo. Tornano ad affollarsi le agenzie di viaggi. Torna la gente davanti alle edicole.<\/p>\n<p>Della grande rivoluzione digitale e delle trasformazioni socio-economiche e culturali generate con il passaggio dalla tecnologia meccanica ed elettronica di tipo analogico a quella degli elaboratori computerizzati non resta pi\u00f9 nulla. E\u2019 come un salto indietro nel tempo. L\u2019autore ne approfitta per soffermarsi su un mondo, quello di Internet, fino ad oggi messo in discussione per il pericolo di una eccessiva intossicazione da bit: troppi sms, troppi social, miliardi di dati nelle mani delle big tech. Dallo scandalo Facebook, con la violazione di milioni di profili da parte della societ\u00e0 britannica Cambridge Analytica, alla quiete digitale, Antonio Pascotto si pone una serie di interrogativi sugli effetti della tecnologia e sull\u2019utilizzo di smartphone e social network. Lo fa con uno sguardo rivolto ai pi\u00f9 giovani, che si erano illusi di vivere nel migliore dei mondi possibili. Ma ora devono fare i conti con il mondo senza Internet. Loro sono sconvolti, lui in fondo non \u00e8 poi cos\u00ec disperato.<\/p>\n<div><a href=\"https:\/\/www.amazon.it\/internet-Connessioni-ossessioni-scandalo-Facebook\/dp\/8832122065\/ref=sr_1_1?__mk_it_IT=%C3%85M%C3%85%C5%BD%C3%95%C3%91&amp;keywords=il+mondo+senza+internet&amp;qid=1569831321&amp;sr=8-1\" target=\"_blank\" rel=\"noopener noreferrer\"><b>Antonio Pascotto<\/b><\/a><\/div>\n<div><a href=\"https:\/\/www.amazon.it\/internet-Connessioni-ossessioni-scandalo-Facebook\/dp\/8832122065\/ref=sr_1_1?__mk_it_IT=%C3%85M%C3%85%C5%BD%C3%95%C3%91&amp;keywords=il+mondo+senza+internet&amp;qid=1569831321&amp;sr=8-1\" target=\"_blank\" rel=\"noopener noreferrer\"><b><i>Il Mondo Senza Internet<\/i><\/b><\/a><\/div>\n<div><a href=\"https:\/\/www.amazon.it\/internet-Connessioni-ossessioni-scandalo-Facebook\/dp\/8832122065\/ref=sr_1_1?__mk_it_IT=%C3%85M%C3%85%C5%BD%C3%95%C3%91&amp;keywords=il+mondo+senza+internet&amp;qid=1569831321&amp;sr=8-1\" target=\"_blank\" rel=\"noopener noreferrer\"><b>Connessione e ossessioni\u00a0<\/b><\/a><\/div>\n<div><a href=\"https:\/\/www.amazon.it\/internet-Connessioni-ossessioni-scandalo-Facebook\/dp\/8832122065\/ref=sr_1_1?__mk_it_IT=%C3%85M%C3%85%C5%BD%C3%95%C3%91&amp;keywords=il+mondo+senza+internet&amp;qid=1569831321&amp;sr=8-1\" target=\"_blank\" rel=\"noopener noreferrer\"><b>Dallo scandalo Facebook alla Quiete digitale<\/b><\/a><\/div>\n<div><a href=\"https:\/\/www.amazon.it\/internet-Connessioni-ossessioni-scandalo-Facebook\/dp\/8832122065\/ref=sr_1_1?__mk_it_IT=%C3%85M%C3%85%C5%BD%C3%95%C3%91&amp;keywords=il+mondo+senza+internet&amp;qid=1569831321&amp;sr=8-1\" target=\"_blank\" rel=\"noopener noreferrer\"><b>Male Edizioni<\/b><\/a><\/div>\n<div><a href=\"https:\/\/www.amazon.it\/internet-Connessioni-ossessioni-scandalo-Facebook\/dp\/8832122065\/ref=sr_1_1?__mk_it_IT=%C3%85M%C3%85%C5%BD%C3%95%C3%91&amp;keywords=il+mondo+senza+internet&amp;qid=1569831321&amp;sr=8-1\" target=\"_blank\" rel=\"noopener noreferrer\"><b>2019, Roma,\u00a0<\/b><\/a><\/div>\n<div><a href=\"https:\/\/www.amazon.it\/internet-Connessioni-ossessioni-scandalo-Facebook\/dp\/8832122065\/ref=sr_1_1?__mk_it_IT=%C3%85M%C3%85%C5%BD%C3%95%C3%91&amp;keywords=il+mondo+senza+internet&amp;qid=1569831321&amp;sr=8-1\" target=\"_blank\" rel=\"noopener noreferrer\"><b>p. 225 Euro 15<\/b><\/a><\/div>\n<div><\/div>\n<div>In vendita in tutte le librerie oppure \u00e8 acquistabile su <strong><a href=\"https:\/\/www.amazon.it\/internet-Connessioni-ossessioni-scandalo-Facebook\/dp\/8832122065\/ref=sr_1_1?adgrpid=77918511568&amp;gclid=Cj0KCQjwz8bsBRC6ARIsAEyNnvphmHu3yOlZQsOpQTYcnEIfdfsPTzloBRhXF4qrVsEJXqZ-PkEPzUkaArhFEALw_wcB&amp;hvadid=358005731743&amp;hvdev=c&amp;hvlocphy=1008736&amp;hvnetw=g&amp;hvpos=1t1&amp;hvqmt=e&amp;hvrand=2555051778947963185&amp;hvtargid=kwd-799730314771&amp;hydadcr=15885_1812444&amp;keywords=il+mondo+senza+internet&amp;qid=1569828599&amp;sr=8-1\" target=\"_blank\" rel=\"noopener noreferrer\">Amazon<\/a><\/strong>, <strong><a href=\"https:\/\/www.lafeltrinelli.it\/libri\/antonio-pascotto\/mondo-senza-internet-connessioni-e\/9788832122060\" target=\"_blank\" rel=\"noopener noreferrer\">Feltrinelli<\/a><\/strong>, <strong><a href=\"https:\/\/www.mondadoristore.it\/mondo-senza-internet-Antonio-Pascotto\/eai978883212206\/\" target=\"_blank\" rel=\"noopener noreferrer\">Mondadori Store<\/a><\/strong>,\u00a0<strong><a href=\"https:\/\/www.ibs.it\/mondo-senza-internet-connessioni-ossessioni-libro-antonio-pascotto\/e\/9788832122060?inventoryId=148879991\" target=\"_blank\" rel=\"noopener noreferrer\">Ibs<\/a><\/strong>, <strong><a href=\"https:\/\/www.hoepli.it\/libro\/il-mondo-senza-internet-connessioni-e-ossessioni-dallo-scandalo-facebook-alla-quiete-digitale\/9788832122060.html?from=Suggerimento+Ricerca\" target=\"_blank\" rel=\"noopener noreferrer\">Hoepli<\/a><\/strong>, <strong><a href=\"https:\/\/www.libreriauniversitaria.it\/mondo-senza-internet-connessioni-ossessioni\/libro\/9788832122060\" target=\"_blank\" rel=\"noopener noreferrer\">Libreria Universitaria<\/a><\/strong> e tutte le librerie on line, oltre che sul sito dell&#8217;editore <a href=\"https:\/\/www.maleedizioni.it\/product-page\/il-mondo-senza-internet\" target=\"_blank\" rel=\"noopener noreferrer\">Male Edizioni.<\/a><\/div>\n","protected":false},"excerpt":{"rendered":"<p>Svegliarsi una mattina e scoprire che, per motivi di sicurezza internazionale, Internet \u00e8 stato bloccato per sempre. Succede al protagonista di questo libro che, da un giorno all\u2019altro, come tutti, ora si sente straniero in un villaggio che di globale non ha pi\u00f9 niente. La vita di milioni di persone viene sconvolta. Senza Internet sono [&hellip;]<\/p>\n","protected":false},"author":2,"featured_media":0,"parent":0,"menu_order":0,"comment_status":"closed","ping_status":"closed","template":"","meta":{"advanced_seo_description":"","jetpack_seo_html_title":"","jetpack_seo_noindex":false,"jetpack_post_was_ever_published":false},"jetpack_sharing_enabled":true,"jetpack_shortlink":"https:\/\/wp.me\/P8swp8-ii","jetpack-related-posts":[{"id":49,"url":"https:\/\/antoniopascotto.it\/?page_id=49","url_meta":{"origin":1134,"position":0},"title":"&nbsp; &nbsp; Raccontare la televisione,\u2026","author":"Antonio Pascotto","date":"Febbraio 19, 2017","format":false,"excerpt":"\u00a0 \u00a0 Raccontare la televisione, prendendo le mosse\u00a0dall'offerta di canali che caratterizza oggi l'universo del piccolo schermo: dal digitale terrestre al satellite, da internet\u00a0alla convergenza tra tv, pc e cellulari, fino agli apparecchi di ultima generazione capaci\u00a0di immagazzinare ore\u00a0e ore di trasmissioni televisive. Nel volume si parte dalla consapevolezza di\u2026","rel":"","context":"Articolo simile","block_context":{"text":"Articolo simile","link":""},"img":{"alt_text":"","src":"","width":0,"height":0},"classes":[]},{"id":1716,"url":"https:\/\/antoniopascotto.it\/?page_id=1716","url_meta":{"origin":1134,"position":1},"title":"Il tempo \u00e8 il filo\u2026","author":"Antonio Pascotto","date":"Ottobre 4, 2023","format":false,"excerpt":"Il tempo \u00e8 il filo conduttore delle pagine di questo libro, dove i ricordi descrivono emozioni che riemergono alla vigilia di grandi cambiamenti. C\u2019\u00e8 una relazione tra tempo e futuro. Il tempo che misura le ore e i giorni e quello che ancora deve arrivare. Il tempo trascorso e quello\u2026","rel":"","context":"Articolo simile","block_context":{"text":"Articolo simile","link":""},"img":{"alt_text":"","src":"https:\/\/i0.wp.com\/antoniopascotto.it\/wp-content\/uploads\/2023\/10\/COPERTINA-LIBRO-jpeg.jpg?resize=350%2C200&ssl=1","width":350,"height":200},"classes":[]},{"id":173,"url":"https:\/\/antoniopascotto.it\/?page_id=173","url_meta":{"origin":1134,"position":2},"title":"VIDEO E RADIO GALLERY","author":"Antonio Pascotto","date":"Febbraio 19, 2017","format":false,"excerpt":"\u00a0 Clicca sui link per guardare i video e per ascoltare i podcast Romanzo Digitale vince il Premio Letterario Internazionale Citt\u00e0 di Cattolica Gigi Marzullo presenta Romanzo Digitale a Milleunlibro su Rai Uno Romanzo Digitale. Presentazione al Maximilian Bistrot di Segrate Milano 2 Palazzo dei Cigni Romanzo Digitale. Presentazione alla\u2026","rel":"","context":"Articolo simile","block_context":{"text":"Articolo simile","link":""},"img":{"alt_text":"","src":"https:\/\/i0.wp.com\/antoniopascotto.it\/wp-content\/uploads\/2024\/01\/COPERTINA-LIBRO-jpeg.jpg?resize=350%2C200&ssl=1","width":350,"height":200},"classes":[]},{"id":2,"url":"https:\/\/antoniopascotto.it\/?page_id=2","url_meta":{"origin":1134,"position":3},"title":"Antonio Pascotto, giornalista, \u00e8 iscritto\u2026","author":"antonio pascotto","date":"Maggio 10, 2016","format":false,"excerpt":"Antonio Pascotto, giornalista, \u00e8 iscritto alla stampa parlamentare. Lavora a\u00a0Mediaset\u00a0dal 1993. Inviato in Italia e all'estero, impegnato per speciali e rubriche televisive, ha iniziato presto la sua attivit\u00e0 con una lunga esperienza in radio e televisioni private. Pi\u00f9 volte al seguito di papa Giovanni Paolo Secondo\u00a0nei suoi viaggi all'estero e\u2026","rel":"","context":"Articolo simile","block_context":{"text":"Articolo simile","link":""},"img":{"alt_text":"","src":"https:\/\/i0.wp.com\/antoniopascotto.it\/wp-content\/uploads\/2016\/05\/Foto-redazione-200x300.jpg?resize=350%2C200","width":350,"height":200},"classes":[]},{"id":70,"url":"https:\/\/antoniopascotto.it\/?page_id=70","url_meta":{"origin":1134,"position":4},"title":"&nbsp; &nbsp; I vecchi media\u2026","author":"Antonio Pascotto","date":"Febbraio 19, 2017","format":false,"excerpt":"\u00a0 \u00a0 I vecchi media non moriranno, ma l'evoluzione della professione \u00e8 legata al loro adeguamento rispetto alle tecnologie e alla qualit\u00e0 dei contenuti. La tendenza, favorita dalla Rete e dai suoi snodi, \u00e8 di dare spazio all'informazione personalizzata, attraverso sistemi immediati ed economici, capaci di cogliere le novit\u00e0 e\u2026","rel":"","context":"Articolo simile","block_context":{"text":"Articolo simile","link":""},"img":{"alt_text":"","src":"https:\/\/i0.wp.com\/antoniopascotto.it\/wp-content\/uploads\/2017\/02\/158-1.jpg?fit=314%2C403&ssl=1&resize=350%2C200","width":350,"height":200},"classes":[]},{"id":52,"url":"https:\/\/antoniopascotto.it\/?page_id=52","url_meta":{"origin":1134,"position":5},"title":"&nbsp; &nbsp; Tra cinema e\u2026","author":"Antonio Pascotto","date":"Febbraio 19, 2017","format":false,"excerpt":"\u00a0 \u00a0 Tra cinema e realt\u00e0 Alberto Sordi ci ha rappresentato e mostrato per quello che siamo; ci ha costretti allo specchio, ha rappresentato l'italianeit\u00e0 per gli italiani, concentrando in s\u00e9 i nostri antropologici umori negativi, perfino le nostre abiezioni. Sordi personaggio ha finito col ricoprire un ruolo di antologia\u2026","rel":"","context":"Articolo simile","block_context":{"text":"Articolo simile","link":""},"img":{"alt_text":"","src":"https:\/\/i0.wp.com\/antoniopascotto.it\/wp-content\/uploads\/2017\/02\/SORDI.jpg?fit=274%2C270&ssl=1&resize=350%2C200","width":350,"height":200},"classes":[]}],"_links":{"self":[{"href":"https:\/\/antoniopascotto.it\/index.php?rest_route=\/wp\/v2\/pages\/1134"}],"collection":[{"href":"https:\/\/antoniopascotto.it\/index.php?rest_route=\/wp\/v2\/pages"}],"about":[{"href":"https:\/\/antoniopascotto.it\/index.php?rest_route=\/wp\/v2\/types\/page"}],"author":[{"embeddable":true,"href":"https:\/\/antoniopascotto.it\/index.php?rest_route=\/wp\/v2\/users\/2"}],"replies":[{"embeddable":true,"href":"https:\/\/antoniopascotto.it\/index.php?rest_route=%2Fwp%2Fv2%2Fcomments&post=1134"}],"version-history":[{"count":14,"href":"https:\/\/antoniopascotto.it\/index.php?rest_route=\/wp\/v2\/pages\/1134\/revisions"}],"predecessor-version":[{"id":1208,"href":"https:\/\/antoniopascotto.it\/index.php?rest_route=\/wp\/v2\/pages\/1134\/revisions\/1208"}],"wp:attachment":[{"href":"https:\/\/antoniopascotto.it\/index.php?rest_route=%2Fwp%2Fv2%2Fmedia&parent=1134"}],"curies":[{"name":"wp","href":"https:\/\/api.w.org\/{rel}","templated":true}]}}